{"id":1048,"date":"2023-05-30T14:39:21","date_gmt":"2023-05-30T14:39:21","guid":{"rendered":"https:\/\/www.bacher-weine.de\/product\/riesling\/"},"modified":"2024-06-05T07:59:37","modified_gmt":"2024-06-05T07:59:37","slug":"riesling","status":"publish","type":"product","link":"https:\/\/www.bacher-weine.de\/zh-hans\/product\/riesling\/","title":{"rendered":"Riesling"},"content":{"rendered":"<p><strong>Herkunft:<\/strong> Deutschland, Rheinhessen<\/p>\n<p><strong>Lage:<\/strong> Herrnsheimer Schloss<\/p>\n<p><strong>Ausbau:<\/strong>\u00a0Edelstahltank<\/p>\n<p><strong>Weinbeschreibung:<\/strong> Kr\u00e4uter- und hefew\u00fcrzig pr\u00e4sentiert sich dieser Riesling in der Nase. Sein elegantes Bukett entfaltet es langsam im Glas. Eine feine Mineralit\u00e4t steht einer sch\u00f6n eingebundenen S\u00e4urestruktur gegen\u00fcber und bringt eine lange und spannende Pr\u00e4senz am Gaumen.<\/p>\n<p><strong>Analysedaten:<\/strong><\/p>\n<p>Restzucker: 9,6 g\/l<br \/>\nS\u00e4ure: 8,5 g\/l<br \/>\nAlk: 12,50% vol.<br \/>\nTrinktemperatur: 8\u00b0 &#8211; 10\u00b0 C<br \/>\nFlascheninhalt: 750 ml<\/p>\n","protected":false},"excerpt":{"rendered":"<p>Herkunft: Deutschland, Rheinhessen Lage: Herrnsheimer S [&hellip;]<\/p>\n","protected":false},"featured_media":354,"template":"","meta":{"_acf_changed":false},"product_brand":[],"product_cat":[96],"product_tag":[131],"class_list":{"0":"post-1048","1":"product","2":"type-product","3":"status-publish","4":"has-post-thumbnail","6":"product_cat-white-wines-zh-hans","7":"product_tag-riesling-zh-hans","9":"first","10":"instock","11":"taxable","12":"shipping-taxable","13":"purchasable","14":"product-type-simple"},"acf":[],"yoast_head":"<!-- This site is optimized with the Yoast SEO plugin v27.4 - https:\/\/yoast.com\/product\/yoast-seo-wordpress\/ -->\n<title>Bacher Weine Riesling<\/title>\n<meta name=\"description\" content=\"Kr\u00e4uter- und hefew\u00fcrzig pr\u00e4sentiert sich dieser Riesling in der Nase. Sein elegantes Bukett entfaltet es langsam im Glas.\" \/>\n<meta name=\"robots\" content=\"index, follow, max-snippet:-1, max-image-preview:large, max-video-preview:-1\" \/>\n<link rel=\"canonical\" href=\"https:\/\/www.bacher-weine.de\/zh-hans\/product\/riesling\/\" \/>\n<meta property=\"og:locale\" content=\"zh_CN\" \/>\n<meta property=\"og:type\" content=\"article\" \/>\n<meta property=\"og:title\" content=\"Bacher Weine Riesling\" \/>\n<meta property=\"og:description\" content=\"Kr\u00e4uter- und hefew\u00fcrzig pr\u00e4sentiert sich dieser Riesling in der Nase. Sein elegantes Bukett entfaltet es langsam im Glas.\" \/>\n<meta property=\"og:url\" content=\"https:\/\/www.bacher-weine.de\/zh-hans\/product\/riesling\/\" \/>\n<meta property=\"og:site_name\" content=\"Bacher Weine\" \/>\n<meta property=\"article:modified_time\" content=\"2024-06-05T07:59:37+00:00\" \/>\n<meta property=\"og:image\" content=\"https:\/\/www.bacher-weine.de\/wp-content\/uploads\/2023\/05\/Bacher-Weine-Riesling-1.png\" \/>\n\t<meta property=\"og:image:width\" content=\"1331\" \/>\n\t<meta property=\"og:image:height\" content=\"2000\" \/>\n\t<meta property=\"og:image:type\" content=\"image\/png\" \/>\n<meta name=\"twitter:card\" content=\"summary_large_image\" \/>\n<meta name=\"twitter:label1\" content=\"\u9884\u8ba1\u9605\u8bfb\u65f6\u95f4\" \/>\n\t<meta name=\"twitter:data1\" content=\"1 \u5206\" \/>\n<script type=\"application\/ld+json\" class=\"yoast-schema-graph\">{\"@context\":\"https:\\\/\\\/schema.org\",\"@graph\":[{\"@type\":\"WebPage\",\"@id\":\"https:\\\/\\\/www.bacher-weine.de\\\/zh-hans\\\/product\\\/riesling\\\/\",\"url\":\"https:\\\/\\\/www.bacher-weine.de\\\/zh-hans\\\/product\\\/riesling\\\/\",\"name\":\"Bacher Weine Riesling\",\"isPartOf\":{\"@id\":\"https:\\\/\\\/www.bacher-weine.de\\\/zh-hans\\\/#website\"},\"primaryImageOfPage\":{\"@id\":\"https:\\\/\\\/www.bacher-weine.de\\\/zh-hans\\\/product\\\/riesling\\\/#primaryimage\"},\"image\":{\"@id\":\"https:\\\/\\\/www.bacher-weine.de\\\/zh-hans\\\/product\\\/riesling\\\/#primaryimage\"},\"thumbnailUrl\":\"https:\\\/\\\/www.bacher-weine.de\\\/wp-content\\\/uploads\\\/2023\\\/05\\\/Bacher-Weine-Riesling-1.png\",\"datePublished\":\"2023-05-30T14:39:21+00:00\",\"dateModified\":\"2024-06-05T07:59:37+00:00\",\"description\":\"Kr\u00e4uter- und hefew\u00fcrzig pr\u00e4sentiert sich dieser Riesling in der Nase. Sein elegantes Bukett entfaltet es langsam im Glas.\",\"breadcrumb\":{\"@id\":\"https:\\\/\\\/www.bacher-weine.de\\\/zh-hans\\\/product\\\/riesling\\\/#breadcrumb\"},\"inLanguage\":\"zh-Hans\",\"potentialAction\":[{\"@type\":\"ReadAction\",\"target\":[\"https:\\\/\\\/www.bacher-weine.de\\\/zh-hans\\\/product\\\/riesling\\\/\"]}]},{\"@type\":\"ImageObject\",\"inLanguage\":\"zh-Hans\",\"@id\":\"https:\\\/\\\/www.bacher-weine.de\\\/zh-hans\\\/product\\\/riesling\\\/#primaryimage\",\"url\":\"https:\\\/\\\/www.bacher-weine.de\\\/wp-content\\\/uploads\\\/2023\\\/05\\\/Bacher-Weine-Riesling-1.png\",\"contentUrl\":\"https:\\\/\\\/www.bacher-weine.de\\\/wp-content\\\/uploads\\\/2023\\\/05\\\/Bacher-Weine-Riesling-1.png\",\"width\":1331,\"height\":2000},{\"@type\":\"BreadcrumbList\",\"@id\":\"https:\\\/\\\/www.bacher-weine.de\\\/zh-hans\\\/product\\\/riesling\\\/#breadcrumb\",\"itemListElement\":[{\"@type\":\"ListItem\",\"position\":1,\"name\":\"Home\",\"item\":\"https:\\\/\\\/www.bacher-weine.de\\\/zh-hans\\\/\"},{\"@type\":\"ListItem\",\"position\":2,\"name\":\"Shop\",\"item\":\"https:\\\/\\\/www.bacher-weine.de\\\/shop\\\/\"},{\"@type\":\"ListItem\",\"position\":3,\"name\":\"Riesling\"}]},{\"@type\":\"WebSite\",\"@id\":\"https:\\\/\\\/www.bacher-weine.de\\\/zh-hans\\\/#website\",\"url\":\"https:\\\/\\\/www.bacher-weine.de\\\/zh-hans\\\/\",\"name\":\"Bacher Weine\",\"description\":\"\",\"publisher\":{\"@id\":\"https:\\\/\\\/www.bacher-weine.de\\\/zh-hans\\\/#organization\"},\"potentialAction\":[{\"@type\":\"SearchAction\",\"target\":{\"@type\":\"EntryPoint\",\"urlTemplate\":\"https:\\\/\\\/www.bacher-weine.de\\\/zh-hans\\\/?s={search_term_string}\"},\"query-input\":{\"@type\":\"PropertyValueSpecification\",\"valueRequired\":true,\"valueName\":\"search_term_string\"}}],\"inLanguage\":\"zh-Hans\"},{\"@type\":\"Organization\",\"@id\":\"https:\\\/\\\/www.bacher-weine.de\\\/zh-hans\\\/#organization\",\"name\":\"Bacher Weine\",\"url\":\"https:\\\/\\\/www.bacher-weine.de\\\/zh-hans\\\/\",\"logo\":{\"@type\":\"ImageObject\",\"inLanguage\":\"zh-Hans\",\"@id\":\"https:\\\/\\\/www.bacher-weine.de\\\/zh-hans\\\/#\\\/schema\\\/logo\\\/image\\\/\",\"url\":\"https:\\\/\\\/www.bacher-weine.de\\\/wp-content\\\/uploads\\\/2023\\\/05\\\/logo.svg\",\"contentUrl\":\"https:\\\/\\\/www.bacher-weine.de\\\/wp-content\\\/uploads\\\/2023\\\/05\\\/logo.svg\",\"caption\":\"Bacher Weine\"},\"image\":{\"@id\":\"https:\\\/\\\/www.bacher-weine.de\\\/zh-hans\\\/#\\\/schema\\\/logo\\\/image\\\/\"}}]}<\/script>\n<!-- \/ Yoast SEO plugin. -->","yoast_head_json":{"title":"Bacher Weine Riesling","description":"Kr\u00e4uter- und hefew\u00fcrzig pr\u00e4sentiert sich dieser Riesling in der Nase. Sein elegantes Bukett entfaltet es langsam im Glas.","robots":{"index":"index","follow":"follow","max-snippet":"max-snippet:-1","max-image-preview":"max-image-preview:large","max-video-preview":"max-video-preview:-1"},"canonical":"https:\/\/www.bacher-weine.de\/zh-hans\/product\/riesling\/","og_locale":"zh_CN","og_type":"article","og_title":"Bacher Weine Riesling","og_description":"Kr\u00e4uter- und hefew\u00fcrzig pr\u00e4sentiert sich dieser Riesling in der Nase. Sein elegantes Bukett entfaltet es langsam im Glas.","og_url":"https:\/\/www.bacher-weine.de\/zh-hans\/product\/riesling\/","og_site_name":"Bacher Weine","article_modified_time":"2024-06-05T07:59:37+00:00","og_image":[{"width":1331,"height":2000,"url":"https:\/\/www.bacher-weine.de\/wp-content\/uploads\/2023\/05\/Bacher-Weine-Riesling-1.png","type":"image\/png"}],"twitter_card":"summary_large_image","twitter_misc":{"\u9884\u8ba1\u9605\u8bfb\u65f6\u95f4":"1 \u5206"},"schema":{"@context":"https:\/\/schema.org","@graph":[{"@type":"WebPage","@id":"https:\/\/www.bacher-weine.de\/zh-hans\/product\/riesling\/","url":"https:\/\/www.bacher-weine.de\/zh-hans\/product\/riesling\/","name":"Bacher Weine Riesling","isPartOf":{"@id":"https:\/\/www.bacher-weine.de\/zh-hans\/#website"},"primaryImageOfPage":{"@id":"https:\/\/www.bacher-weine.de\/zh-hans\/product\/riesling\/#primaryimage"},"image":{"@id":"https:\/\/www.bacher-weine.de\/zh-hans\/product\/riesling\/#primaryimage"},"thumbnailUrl":"https:\/\/www.bacher-weine.de\/wp-content\/uploads\/2023\/05\/Bacher-Weine-Riesling-1.png","datePublished":"2023-05-30T14:39:21+00:00","dateModified":"2024-06-05T07:59:37+00:00","description":"Kr\u00e4uter- und hefew\u00fcrzig pr\u00e4sentiert sich dieser Riesling in der Nase. Sein elegantes Bukett entfaltet es langsam im Glas.","breadcrumb":{"@id":"https:\/\/www.bacher-weine.de\/zh-hans\/product\/riesling\/#breadcrumb"},"inLanguage":"zh-Hans","potentialAction":[{"@type":"ReadAction","target":["https:\/\/www.bacher-weine.de\/zh-hans\/product\/riesling\/"]}]},{"@type":"ImageObject","inLanguage":"zh-Hans","@id":"https:\/\/www.bacher-weine.de\/zh-hans\/product\/riesling\/#primaryimage","url":"https:\/\/www.bacher-weine.de\/wp-content\/uploads\/2023\/05\/Bacher-Weine-Riesling-1.png","contentUrl":"https:\/\/www.bacher-weine.de\/wp-content\/uploads\/2023\/05\/Bacher-Weine-Riesling-1.png","width":1331,"height":2000},{"@type":"BreadcrumbList","@id":"https:\/\/www.bacher-weine.de\/zh-hans\/product\/riesling\/#breadcrumb","itemListElement":[{"@type":"ListItem","position":1,"name":"Home","item":"https:\/\/www.bacher-weine.de\/zh-hans\/"},{"@type":"ListItem","position":2,"name":"Shop","item":"https:\/\/www.bacher-weine.de\/shop\/"},{"@type":"ListItem","position":3,"name":"Riesling"}]},{"@type":"WebSite","@id":"https:\/\/www.bacher-weine.de\/zh-hans\/#website","url":"https:\/\/www.bacher-weine.de\/zh-hans\/","name":"Bacher Weine","description":"","publisher":{"@id":"https:\/\/www.bacher-weine.de\/zh-hans\/#organization"},"potentialAction":[{"@type":"SearchAction","target":{"@type":"EntryPoint","urlTemplate":"https:\/\/www.bacher-weine.de\/zh-hans\/?s={search_term_string}"},"query-input":{"@type":"PropertyValueSpecification","valueRequired":true,"valueName":"search_term_string"}}],"inLanguage":"zh-Hans"},{"@type":"Organization","@id":"https:\/\/www.bacher-weine.de\/zh-hans\/#organization","name":"Bacher Weine","url":"https:\/\/www.bacher-weine.de\/zh-hans\/","logo":{"@type":"ImageObject","inLanguage":"zh-Hans","@id":"https:\/\/www.bacher-weine.de\/zh-hans\/#\/schema\/logo\/image\/","url":"https:\/\/www.bacher-weine.de\/wp-content\/uploads\/2023\/05\/logo.svg","contentUrl":"https:\/\/www.bacher-weine.de\/wp-content\/uploads\/2023\/05\/logo.svg","caption":"Bacher Weine"},"image":{"@id":"https:\/\/www.bacher-weine.de\/zh-hans\/#\/schema\/logo\/image\/"}}]}},"_links":{"self":[{"href":"https:\/\/www.bacher-weine.de\/zh-hans\/wp-json\/wp\/v2\/product\/1048","targetHints":{"allow":["GET"]}}],"collection":[{"href":"https:\/\/www.bacher-weine.de\/zh-hans\/wp-json\/wp\/v2\/product"}],"about":[{"href":"https:\/\/www.bacher-weine.de\/zh-hans\/wp-json\/wp\/v2\/types\/product"}],"wp:featuredmedia":[{"embeddable":true,"href":"https:\/\/www.bacher-weine.de\/zh-hans\/wp-json\/wp\/v2\/media\/354"}],"wp:attachment":[{"href":"https:\/\/www.bacher-weine.de\/zh-hans\/wp-json\/wp\/v2\/media?parent=1048"}],"wp:term":[{"taxonomy":"product_brand","embeddable":true,"href":"https:\/\/www.bacher-weine.de\/zh-hans\/wp-json\/wp\/v2\/product_brand?post=1048"},{"taxonomy":"product_cat","embeddable":true,"href":"https:\/\/www.bacher-weine.de\/zh-hans\/wp-json\/wp\/v2\/product_cat?post=1048"},{"taxonomy":"product_tag","embeddable":true,"href":"https:\/\/www.bacher-weine.de\/zh-hans\/wp-json\/wp\/v2\/product_tag?post=1048"}],"curies":[{"name":"wp","href":"https:\/\/api.w.org\/{rel}","templated":true}]}}