{"id":1040,"date":"2023-06-01T10:15:05","date_gmt":"2023-06-01T10:15:05","guid":{"rendered":"https:\/\/www.bacher-weine.de\/product\/riesling-brummelochsenboden\/"},"modified":"2024-04-18T21:59:18","modified_gmt":"2024-04-18T21:59:18","slug":"riesling-brummelochsenboden","status":"publish","type":"product","link":"https:\/\/www.bacher-weine.de\/zh-hans\/product\/riesling-brummelochsenboden\/","title":{"rendered":"Riesling Brummelochsenboden"},"content":{"rendered":"<p><strong>Herkunft:<\/strong>\u00a0Deutschland, Rheinhessen<\/p>\n<p><strong>Lage:<\/strong> Dalsheimer Sauloch<\/p>\n<p><strong>Ausbau: <\/strong>Edelstahltank<\/p>\n<p><strong>Weinbeschreibung:<\/strong>Die Bezeichnung Brummelochsenboden stammt aus der Zeit in der die Weinfelder noch mit Ochsen und Pflug bestellt wurden. Der tonige Boden, auf dem der Sauloch-Riesling w\u00e4chst, ist schwer zu bearbeiten. Wenn das Pfl\u00fcgen zu anstrengend wurde, gab der Ochse unmissverst\u00e4ndlich ein Brummeln von sich. Im Duft dieses Rieslings dominieren Pfirsich und reife gelbe Fr\u00fcchte, im Geschmack ist er kraftvoll und pr\u00e4sentiert sich sehr w\u00fcrzig, mineralisch mit feiner Frucht.<\/p>\n<p><strong>Analysedaten:<\/strong><\/p>\n<p>Restzucker: 4,2 g\/l<br \/>\nS\u00e4ure: 7,4 g\/l<br \/>\nAlk: 12,5% vol.<br \/>\nTrinktemperatur: 10 &#8211; 12\u00b0 C<br \/>\nFlascheninhalt: 750 ml<\/p>\n","protected":false},"excerpt":{"rendered":"<p>Herkunft:\u00a0Deutschland, Rheinhessen Lage: Dalsheimer Sau [&hellip;]<\/p>\n","protected":false},"featured_media":350,"template":"","meta":{"_acf_changed":false},"product_brand":[],"product_cat":[96],"product_tag":[130,131],"class_list":{"0":"post-1040","1":"product","2":"type-product","3":"status-publish","4":"has-post-thumbnail","6":"product_cat-white-wines-zh-hans","7":"product_tag-brummelochsenboden-zh-hans","8":"product_tag-riesling-zh-hans","10":"first","11":"outofstock","12":"taxable","13":"shipping-taxable","14":"purchasable","15":"product-type-simple"},"acf":[],"yoast_head":"<!-- This site is optimized with the Yoast SEO plugin v27.5 - https:\/\/yoast.com\/product\/yoast-seo-wordpress\/ -->\n<title>Bacher Weine Riesling Brummelochsenboden<\/title>\n<meta name=\"description\" content=\"Im Duft dieses Rieslings dominieren Pfirsich und reife gelbe Fr\u00fcchte, im Geschmack ist er kraftvoll und pr\u00e4sentiert sich sehr w\u00fcrzig und mineralisch.\" \/>\n<meta name=\"robots\" content=\"index, follow, max-snippet:-1, max-image-preview:large, max-video-preview:-1\" \/>\n<link rel=\"canonical\" href=\"https:\/\/www.bacher-weine.de\/zh-hans\/product\/riesling-brummelochsenboden\/\" \/>\n<meta property=\"og:locale\" content=\"zh_CN\" \/>\n<meta property=\"og:type\" content=\"article\" \/>\n<meta property=\"og:title\" content=\"Bacher Weine Riesling Brummelochsenboden\" \/>\n<meta property=\"og:description\" content=\"Im Duft dieses Rieslings dominieren Pfirsich und reife gelbe Fr\u00fcchte, im Geschmack ist er kraftvoll und pr\u00e4sentiert sich sehr w\u00fcrzig und mineralisch.\" \/>\n<meta property=\"og:url\" content=\"https:\/\/www.bacher-weine.de\/zh-hans\/product\/riesling-brummelochsenboden\/\" \/>\n<meta property=\"og:site_name\" content=\"Bacher Weine\" \/>\n<meta property=\"article:modified_time\" content=\"2024-04-18T21:59:18+00:00\" \/>\n<meta property=\"og:image\" content=\"https:\/\/www.bacher-weine.de\/wp-content\/uploads\/2023\/06\/Bacher-Weine-Riesling-Brummelochenboden.png\" \/>\n\t<meta property=\"og:image:width\" content=\"1331\" \/>\n\t<meta property=\"og:image:height\" content=\"2000\" \/>\n\t<meta property=\"og:image:type\" content=\"image\/png\" \/>\n<meta name=\"twitter:card\" content=\"summary_large_image\" \/>\n<meta name=\"twitter:label1\" content=\"\u9884\u8ba1\u9605\u8bfb\u65f6\u95f4\" \/>\n\t<meta name=\"twitter:data1\" content=\"1 \u5206\" \/>\n<script type=\"application\/ld+json\" class=\"yoast-schema-graph\">{\"@context\":\"https:\\\/\\\/schema.org\",\"@graph\":[{\"@type\":\"WebPage\",\"@id\":\"https:\\\/\\\/www.bacher-weine.de\\\/zh-hans\\\/product\\\/riesling-brummelochsenboden\\\/\",\"url\":\"https:\\\/\\\/www.bacher-weine.de\\\/zh-hans\\\/product\\\/riesling-brummelochsenboden\\\/\",\"name\":\"Bacher Weine Riesling Brummelochsenboden\",\"isPartOf\":{\"@id\":\"https:\\\/\\\/www.bacher-weine.de\\\/zh-hans\\\/#website\"},\"primaryImageOfPage\":{\"@id\":\"https:\\\/\\\/www.bacher-weine.de\\\/zh-hans\\\/product\\\/riesling-brummelochsenboden\\\/#primaryimage\"},\"image\":{\"@id\":\"https:\\\/\\\/www.bacher-weine.de\\\/zh-hans\\\/product\\\/riesling-brummelochsenboden\\\/#primaryimage\"},\"thumbnailUrl\":\"https:\\\/\\\/www.bacher-weine.de\\\/wp-content\\\/uploads\\\/2023\\\/06\\\/Bacher-Weine-Riesling-Brummelochenboden.png\",\"datePublished\":\"2023-06-01T10:15:05+00:00\",\"dateModified\":\"2024-04-18T21:59:18+00:00\",\"description\":\"Im Duft dieses Rieslings dominieren Pfirsich und reife gelbe Fr\u00fcchte, im Geschmack ist er kraftvoll und pr\u00e4sentiert sich sehr w\u00fcrzig und mineralisch.\",\"breadcrumb\":{\"@id\":\"https:\\\/\\\/www.bacher-weine.de\\\/zh-hans\\\/product\\\/riesling-brummelochsenboden\\\/#breadcrumb\"},\"inLanguage\":\"zh-Hans\",\"potentialAction\":[{\"@type\":\"ReadAction\",\"target\":[\"https:\\\/\\\/www.bacher-weine.de\\\/zh-hans\\\/product\\\/riesling-brummelochsenboden\\\/\"]}]},{\"@type\":\"ImageObject\",\"inLanguage\":\"zh-Hans\",\"@id\":\"https:\\\/\\\/www.bacher-weine.de\\\/zh-hans\\\/product\\\/riesling-brummelochsenboden\\\/#primaryimage\",\"url\":\"https:\\\/\\\/www.bacher-weine.de\\\/wp-content\\\/uploads\\\/2023\\\/06\\\/Bacher-Weine-Riesling-Brummelochenboden.png\",\"contentUrl\":\"https:\\\/\\\/www.bacher-weine.de\\\/wp-content\\\/uploads\\\/2023\\\/06\\\/Bacher-Weine-Riesling-Brummelochenboden.png\",\"width\":1331,\"height\":2000},{\"@type\":\"BreadcrumbList\",\"@id\":\"https:\\\/\\\/www.bacher-weine.de\\\/zh-hans\\\/product\\\/riesling-brummelochsenboden\\\/#breadcrumb\",\"itemListElement\":[{\"@type\":\"ListItem\",\"position\":1,\"name\":\"Home\",\"item\":\"https:\\\/\\\/www.bacher-weine.de\\\/zh-hans\\\/\"},{\"@type\":\"ListItem\",\"position\":2,\"name\":\"Shop\",\"item\":\"https:\\\/\\\/www.bacher-weine.de\\\/shop\\\/\"},{\"@type\":\"ListItem\",\"position\":3,\"name\":\"Riesling Brummelochsenboden\"}]},{\"@type\":\"WebSite\",\"@id\":\"https:\\\/\\\/www.bacher-weine.de\\\/zh-hans\\\/#website\",\"url\":\"https:\\\/\\\/www.bacher-weine.de\\\/zh-hans\\\/\",\"name\":\"Bacher Weine\",\"description\":\"\",\"publisher\":{\"@id\":\"https:\\\/\\\/www.bacher-weine.de\\\/zh-hans\\\/#organization\"},\"potentialAction\":[{\"@type\":\"SearchAction\",\"target\":{\"@type\":\"EntryPoint\",\"urlTemplate\":\"https:\\\/\\\/www.bacher-weine.de\\\/zh-hans\\\/?s={search_term_string}\"},\"query-input\":{\"@type\":\"PropertyValueSpecification\",\"valueRequired\":true,\"valueName\":\"search_term_string\"}}],\"inLanguage\":\"zh-Hans\"},{\"@type\":\"Organization\",\"@id\":\"https:\\\/\\\/www.bacher-weine.de\\\/zh-hans\\\/#organization\",\"name\":\"Bacher Weine\",\"url\":\"https:\\\/\\\/www.bacher-weine.de\\\/zh-hans\\\/\",\"logo\":{\"@type\":\"ImageObject\",\"inLanguage\":\"zh-Hans\",\"@id\":\"https:\\\/\\\/www.bacher-weine.de\\\/zh-hans\\\/#\\\/schema\\\/logo\\\/image\\\/\",\"url\":\"https:\\\/\\\/www.bacher-weine.de\\\/wp-content\\\/uploads\\\/2023\\\/05\\\/logo.svg\",\"contentUrl\":\"https:\\\/\\\/www.bacher-weine.de\\\/wp-content\\\/uploads\\\/2023\\\/05\\\/logo.svg\",\"caption\":\"Bacher Weine\"},\"image\":{\"@id\":\"https:\\\/\\\/www.bacher-weine.de\\\/zh-hans\\\/#\\\/schema\\\/logo\\\/image\\\/\"}}]}<\/script>\n<!-- \/ Yoast SEO plugin. -->","yoast_head_json":{"title":"Bacher Weine Riesling Brummelochsenboden","description":"Im Duft dieses Rieslings dominieren Pfirsich und reife gelbe Fr\u00fcchte, im Geschmack ist er kraftvoll und pr\u00e4sentiert sich sehr w\u00fcrzig und mineralisch.","robots":{"index":"index","follow":"follow","max-snippet":"max-snippet:-1","max-image-preview":"max-image-preview:large","max-video-preview":"max-video-preview:-1"},"canonical":"https:\/\/www.bacher-weine.de\/zh-hans\/product\/riesling-brummelochsenboden\/","og_locale":"zh_CN","og_type":"article","og_title":"Bacher Weine Riesling Brummelochsenboden","og_description":"Im Duft dieses Rieslings dominieren Pfirsich und reife gelbe Fr\u00fcchte, im Geschmack ist er kraftvoll und pr\u00e4sentiert sich sehr w\u00fcrzig und mineralisch.","og_url":"https:\/\/www.bacher-weine.de\/zh-hans\/product\/riesling-brummelochsenboden\/","og_site_name":"Bacher Weine","article_modified_time":"2024-04-18T21:59:18+00:00","og_image":[{"width":1331,"height":2000,"url":"https:\/\/www.bacher-weine.de\/wp-content\/uploads\/2023\/06\/Bacher-Weine-Riesling-Brummelochenboden.png","type":"image\/png"}],"twitter_card":"summary_large_image","twitter_misc":{"\u9884\u8ba1\u9605\u8bfb\u65f6\u95f4":"1 \u5206"},"schema":{"@context":"https:\/\/schema.org","@graph":[{"@type":"WebPage","@id":"https:\/\/www.bacher-weine.de\/zh-hans\/product\/riesling-brummelochsenboden\/","url":"https:\/\/www.bacher-weine.de\/zh-hans\/product\/riesling-brummelochsenboden\/","name":"Bacher Weine Riesling Brummelochsenboden","isPartOf":{"@id":"https:\/\/www.bacher-weine.de\/zh-hans\/#website"},"primaryImageOfPage":{"@id":"https:\/\/www.bacher-weine.de\/zh-hans\/product\/riesling-brummelochsenboden\/#primaryimage"},"image":{"@id":"https:\/\/www.bacher-weine.de\/zh-hans\/product\/riesling-brummelochsenboden\/#primaryimage"},"thumbnailUrl":"https:\/\/www.bacher-weine.de\/wp-content\/uploads\/2023\/06\/Bacher-Weine-Riesling-Brummelochenboden.png","datePublished":"2023-06-01T10:15:05+00:00","dateModified":"2024-04-18T21:59:18+00:00","description":"Im Duft dieses Rieslings dominieren Pfirsich und reife gelbe Fr\u00fcchte, im Geschmack ist er kraftvoll und pr\u00e4sentiert sich sehr w\u00fcrzig und mineralisch.","breadcrumb":{"@id":"https:\/\/www.bacher-weine.de\/zh-hans\/product\/riesling-brummelochsenboden\/#breadcrumb"},"inLanguage":"zh-Hans","potentialAction":[{"@type":"ReadAction","target":["https:\/\/www.bacher-weine.de\/zh-hans\/product\/riesling-brummelochsenboden\/"]}]},{"@type":"ImageObject","inLanguage":"zh-Hans","@id":"https:\/\/www.bacher-weine.de\/zh-hans\/product\/riesling-brummelochsenboden\/#primaryimage","url":"https:\/\/www.bacher-weine.de\/wp-content\/uploads\/2023\/06\/Bacher-Weine-Riesling-Brummelochenboden.png","contentUrl":"https:\/\/www.bacher-weine.de\/wp-content\/uploads\/2023\/06\/Bacher-Weine-Riesling-Brummelochenboden.png","width":1331,"height":2000},{"@type":"BreadcrumbList","@id":"https:\/\/www.bacher-weine.de\/zh-hans\/product\/riesling-brummelochsenboden\/#breadcrumb","itemListElement":[{"@type":"ListItem","position":1,"name":"Home","item":"https:\/\/www.bacher-weine.de\/zh-hans\/"},{"@type":"ListItem","position":2,"name":"Shop","item":"https:\/\/www.bacher-weine.de\/shop\/"},{"@type":"ListItem","position":3,"name":"Riesling Brummelochsenboden"}]},{"@type":"WebSite","@id":"https:\/\/www.bacher-weine.de\/zh-hans\/#website","url":"https:\/\/www.bacher-weine.de\/zh-hans\/","name":"Bacher Weine","description":"","publisher":{"@id":"https:\/\/www.bacher-weine.de\/zh-hans\/#organization"},"potentialAction":[{"@type":"SearchAction","target":{"@type":"EntryPoint","urlTemplate":"https:\/\/www.bacher-weine.de\/zh-hans\/?s={search_term_string}"},"query-input":{"@type":"PropertyValueSpecification","valueRequired":true,"valueName":"search_term_string"}}],"inLanguage":"zh-Hans"},{"@type":"Organization","@id":"https:\/\/www.bacher-weine.de\/zh-hans\/#organization","name":"Bacher Weine","url":"https:\/\/www.bacher-weine.de\/zh-hans\/","logo":{"@type":"ImageObject","inLanguage":"zh-Hans","@id":"https:\/\/www.bacher-weine.de\/zh-hans\/#\/schema\/logo\/image\/","url":"https:\/\/www.bacher-weine.de\/wp-content\/uploads\/2023\/05\/logo.svg","contentUrl":"https:\/\/www.bacher-weine.de\/wp-content\/uploads\/2023\/05\/logo.svg","caption":"Bacher Weine"},"image":{"@id":"https:\/\/www.bacher-weine.de\/zh-hans\/#\/schema\/logo\/image\/"}}]}},"_links":{"self":[{"href":"https:\/\/www.bacher-weine.de\/zh-hans\/wp-json\/wp\/v2\/product\/1040","targetHints":{"allow":["GET"]}}],"collection":[{"href":"https:\/\/www.bacher-weine.de\/zh-hans\/wp-json\/wp\/v2\/product"}],"about":[{"href":"https:\/\/www.bacher-weine.de\/zh-hans\/wp-json\/wp\/v2\/types\/product"}],"wp:featuredmedia":[{"embeddable":true,"href":"https:\/\/www.bacher-weine.de\/zh-hans\/wp-json\/wp\/v2\/media\/350"}],"wp:attachment":[{"href":"https:\/\/www.bacher-weine.de\/zh-hans\/wp-json\/wp\/v2\/media?parent=1040"}],"wp:term":[{"taxonomy":"product_brand","embeddable":true,"href":"https:\/\/www.bacher-weine.de\/zh-hans\/wp-json\/wp\/v2\/product_brand?post=1040"},{"taxonomy":"product_cat","embeddable":true,"href":"https:\/\/www.bacher-weine.de\/zh-hans\/wp-json\/wp\/v2\/product_cat?post=1040"},{"taxonomy":"product_tag","embeddable":true,"href":"https:\/\/www.bacher-weine.de\/zh-hans\/wp-json\/wp\/v2\/product_tag?post=1040"}],"curies":[{"name":"wp","href":"https:\/\/api.w.org\/{rel}","templated":true}]}}