{"id":1014,"date":"2023-06-20T09:21:46","date_gmt":"2023-06-20T09:21:46","guid":{"rendered":"https:\/\/www.bacher-weine.de\/product\/strandpauli-grauburgunder-bio\/"},"modified":"2023-06-20T09:21:46","modified_gmt":"2023-06-20T09:21:46","slug":"strandpauli-grauburgunder-bio","status":"publish","type":"product","link":"https:\/\/www.bacher-weine.de\/zh-hans\/product\/strandpauli-grauburgunder-bio\/","title":{"rendered":"StrandPauli Grauburgunder BIO"},"content":{"rendered":"<p><strong>Herkunft:<\/strong> Deutschland, Rheinhessen<\/p>\n<p><strong>Weinbeschreibung:\u00a0<\/strong>Dieser Wein \u00fcberzeugt mit seinem frischen und saftigen Charakter. Birnen-, Apfel- und Steinfruchtaromen t\u00e4nzeln \u00fcber die Zunge. Abgerundet wird der Grauburgunder mit seiner feinen W\u00fcrze und einer angenehmen S\u00e4urestruktur.<\/p>\n<p><strong>Analysedaten:<\/strong><\/p>\n<p>Restzucker: 3,0 g\/l<br \/>\nS\u00e4ure: 5,4 g\/l<br \/>\nAlkohol: 12,0 % vol<br \/>\nTrinktemperatur: 10\u00b0 &#8211; 12\u00b0 C<br \/>\nFlascheninhalt: 750 ml<\/p>\n","protected":false},"excerpt":{"rendered":"<p>Herkunft: Deutschland, Rheinhessen Weinbeschreibung:\u00a0Di [&hellip;]<\/p>\n","protected":false},"featured_media":596,"template":"","meta":{"_acf_changed":false},"product_brand":[],"product_cat":[99],"product_tag":[104,105],"class_list":{"0":"post-1014","1":"product","2":"type-product","3":"status-publish","4":"has-post-thumbnail","6":"product_cat-strandpauli-zh-hans","7":"product_tag-grauer-burgunder-zh-hans","8":"product_tag-strandpauli-zh-hans","10":"first","11":"instock","12":"taxable","13":"shipping-taxable","14":"purchasable","15":"product-type-simple"},"acf":[],"yoast_head":"<!-- This site is optimized with the Yoast SEO plugin v27.4 - https:\/\/yoast.com\/product\/yoast-seo-wordpress\/ -->\n<title>StrandPauli Grauburgunder BIO - Bacher Weine<\/title>\n<meta name=\"robots\" content=\"index, follow, max-snippet:-1, max-image-preview:large, max-video-preview:-1\" \/>\n<link rel=\"canonical\" href=\"https:\/\/www.bacher-weine.de\/zh-hans\/product\/strandpauli-grauburgunder-bio\/\" \/>\n<meta property=\"og:locale\" content=\"zh_CN\" \/>\n<meta property=\"og:type\" content=\"article\" \/>\n<meta property=\"og:title\" content=\"StrandPauli Grauburgunder BIO - Bacher Weine\" \/>\n<meta property=\"og:description\" content=\"Herkunft: Deutschland, Rheinhessen Weinbeschreibung:\u00a0Di [&hellip;]\" \/>\n<meta property=\"og:url\" content=\"https:\/\/www.bacher-weine.de\/zh-hans\/product\/strandpauli-grauburgunder-bio\/\" \/>\n<meta property=\"og:site_name\" content=\"Bacher Weine\" \/>\n<meta name=\"twitter:card\" content=\"summary_large_image\" \/>\n<script type=\"application\/ld+json\" class=\"yoast-schema-graph\">{\"@context\":\"https:\\\/\\\/schema.org\",\"@graph\":[{\"@type\":\"WebPage\",\"@id\":\"https:\\\/\\\/www.bacher-weine.de\\\/zh-hans\\\/product\\\/strandpauli-grauburgunder-bio\\\/\",\"url\":\"https:\\\/\\\/www.bacher-weine.de\\\/zh-hans\\\/product\\\/strandpauli-grauburgunder-bio\\\/\",\"name\":\"StrandPauli Grauburgunder BIO - Bacher Weine\",\"isPartOf\":{\"@id\":\"https:\\\/\\\/www.bacher-weine.de\\\/zh-hans\\\/#website\"},\"primaryImageOfPage\":{\"@id\":\"https:\\\/\\\/www.bacher-weine.de\\\/zh-hans\\\/product\\\/strandpauli-grauburgunder-bio\\\/#primaryimage\"},\"image\":{\"@id\":\"https:\\\/\\\/www.bacher-weine.de\\\/zh-hans\\\/product\\\/strandpauli-grauburgunder-bio\\\/#primaryimage\"},\"thumbnailUrl\":\"https:\\\/\\\/www.bacher-weine.de\\\/wp-content\\\/uploads\\\/2023\\\/06\\\/Strand-Pauli-Grauburgunder.png\",\"datePublished\":\"2023-06-20T09:21:46+00:00\",\"breadcrumb\":{\"@id\":\"https:\\\/\\\/www.bacher-weine.de\\\/zh-hans\\\/product\\\/strandpauli-grauburgunder-bio\\\/#breadcrumb\"},\"inLanguage\":\"zh-Hans\",\"potentialAction\":[{\"@type\":\"ReadAction\",\"target\":[\"https:\\\/\\\/www.bacher-weine.de\\\/zh-hans\\\/product\\\/strandpauli-grauburgunder-bio\\\/\"]}]},{\"@type\":\"ImageObject\",\"inLanguage\":\"zh-Hans\",\"@id\":\"https:\\\/\\\/www.bacher-weine.de\\\/zh-hans\\\/product\\\/strandpauli-grauburgunder-bio\\\/#primaryimage\",\"url\":\"https:\\\/\\\/www.bacher-weine.de\\\/wp-content\\\/uploads\\\/2023\\\/06\\\/Strand-Pauli-Grauburgunder.png\",\"contentUrl\":\"https:\\\/\\\/www.bacher-weine.de\\\/wp-content\\\/uploads\\\/2023\\\/06\\\/Strand-Pauli-Grauburgunder.png\",\"width\":1331,\"height\":2000},{\"@type\":\"BreadcrumbList\",\"@id\":\"https:\\\/\\\/www.bacher-weine.de\\\/zh-hans\\\/product\\\/strandpauli-grauburgunder-bio\\\/#breadcrumb\",\"itemListElement\":[{\"@type\":\"ListItem\",\"position\":1,\"name\":\"Home\",\"item\":\"https:\\\/\\\/www.bacher-weine.de\\\/zh-hans\\\/\"},{\"@type\":\"ListItem\",\"position\":2,\"name\":\"Shop\",\"item\":\"https:\\\/\\\/www.bacher-weine.de\\\/shop\\\/\"},{\"@type\":\"ListItem\",\"position\":3,\"name\":\"StrandPauli Grauburgunder BIO\"}]},{\"@type\":\"WebSite\",\"@id\":\"https:\\\/\\\/www.bacher-weine.de\\\/zh-hans\\\/#website\",\"url\":\"https:\\\/\\\/www.bacher-weine.de\\\/zh-hans\\\/\",\"name\":\"Bacher Weine\",\"description\":\"\",\"publisher\":{\"@id\":\"https:\\\/\\\/www.bacher-weine.de\\\/zh-hans\\\/#organization\"},\"potentialAction\":[{\"@type\":\"SearchAction\",\"target\":{\"@type\":\"EntryPoint\",\"urlTemplate\":\"https:\\\/\\\/www.bacher-weine.de\\\/zh-hans\\\/?s={search_term_string}\"},\"query-input\":{\"@type\":\"PropertyValueSpecification\",\"valueRequired\":true,\"valueName\":\"search_term_string\"}}],\"inLanguage\":\"zh-Hans\"},{\"@type\":\"Organization\",\"@id\":\"https:\\\/\\\/www.bacher-weine.de\\\/zh-hans\\\/#organization\",\"name\":\"Bacher Weine\",\"url\":\"https:\\\/\\\/www.bacher-weine.de\\\/zh-hans\\\/\",\"logo\":{\"@type\":\"ImageObject\",\"inLanguage\":\"zh-Hans\",\"@id\":\"https:\\\/\\\/www.bacher-weine.de\\\/zh-hans\\\/#\\\/schema\\\/logo\\\/image\\\/\",\"url\":\"https:\\\/\\\/www.bacher-weine.de\\\/wp-content\\\/uploads\\\/2023\\\/05\\\/logo.svg\",\"contentUrl\":\"https:\\\/\\\/www.bacher-weine.de\\\/wp-content\\\/uploads\\\/2023\\\/05\\\/logo.svg\",\"caption\":\"Bacher Weine\"},\"image\":{\"@id\":\"https:\\\/\\\/www.bacher-weine.de\\\/zh-hans\\\/#\\\/schema\\\/logo\\\/image\\\/\"}}]}<\/script>\n<!-- \/ Yoast SEO plugin. -->","yoast_head_json":{"title":"StrandPauli Grauburgunder BIO - Bacher Weine","robots":{"index":"index","follow":"follow","max-snippet":"max-snippet:-1","max-image-preview":"max-image-preview:large","max-video-preview":"max-video-preview:-1"},"canonical":"https:\/\/www.bacher-weine.de\/zh-hans\/product\/strandpauli-grauburgunder-bio\/","og_locale":"zh_CN","og_type":"article","og_title":"StrandPauli Grauburgunder BIO - Bacher Weine","og_description":"Herkunft: Deutschland, Rheinhessen Weinbeschreibung:\u00a0Di [&hellip;]","og_url":"https:\/\/www.bacher-weine.de\/zh-hans\/product\/strandpauli-grauburgunder-bio\/","og_site_name":"Bacher Weine","twitter_card":"summary_large_image","schema":{"@context":"https:\/\/schema.org","@graph":[{"@type":"WebPage","@id":"https:\/\/www.bacher-weine.de\/zh-hans\/product\/strandpauli-grauburgunder-bio\/","url":"https:\/\/www.bacher-weine.de\/zh-hans\/product\/strandpauli-grauburgunder-bio\/","name":"StrandPauli Grauburgunder BIO - Bacher Weine","isPartOf":{"@id":"https:\/\/www.bacher-weine.de\/zh-hans\/#website"},"primaryImageOfPage":{"@id":"https:\/\/www.bacher-weine.de\/zh-hans\/product\/strandpauli-grauburgunder-bio\/#primaryimage"},"image":{"@id":"https:\/\/www.bacher-weine.de\/zh-hans\/product\/strandpauli-grauburgunder-bio\/#primaryimage"},"thumbnailUrl":"https:\/\/www.bacher-weine.de\/wp-content\/uploads\/2023\/06\/Strand-Pauli-Grauburgunder.png","datePublished":"2023-06-20T09:21:46+00:00","breadcrumb":{"@id":"https:\/\/www.bacher-weine.de\/zh-hans\/product\/strandpauli-grauburgunder-bio\/#breadcrumb"},"inLanguage":"zh-Hans","potentialAction":[{"@type":"ReadAction","target":["https:\/\/www.bacher-weine.de\/zh-hans\/product\/strandpauli-grauburgunder-bio\/"]}]},{"@type":"ImageObject","inLanguage":"zh-Hans","@id":"https:\/\/www.bacher-weine.de\/zh-hans\/product\/strandpauli-grauburgunder-bio\/#primaryimage","url":"https:\/\/www.bacher-weine.de\/wp-content\/uploads\/2023\/06\/Strand-Pauli-Grauburgunder.png","contentUrl":"https:\/\/www.bacher-weine.de\/wp-content\/uploads\/2023\/06\/Strand-Pauli-Grauburgunder.png","width":1331,"height":2000},{"@type":"BreadcrumbList","@id":"https:\/\/www.bacher-weine.de\/zh-hans\/product\/strandpauli-grauburgunder-bio\/#breadcrumb","itemListElement":[{"@type":"ListItem","position":1,"name":"Home","item":"https:\/\/www.bacher-weine.de\/zh-hans\/"},{"@type":"ListItem","position":2,"name":"Shop","item":"https:\/\/www.bacher-weine.de\/shop\/"},{"@type":"ListItem","position":3,"name":"StrandPauli Grauburgunder BIO"}]},{"@type":"WebSite","@id":"https:\/\/www.bacher-weine.de\/zh-hans\/#website","url":"https:\/\/www.bacher-weine.de\/zh-hans\/","name":"Bacher Weine","description":"","publisher":{"@id":"https:\/\/www.bacher-weine.de\/zh-hans\/#organization"},"potentialAction":[{"@type":"SearchAction","target":{"@type":"EntryPoint","urlTemplate":"https:\/\/www.bacher-weine.de\/zh-hans\/?s={search_term_string}"},"query-input":{"@type":"PropertyValueSpecification","valueRequired":true,"valueName":"search_term_string"}}],"inLanguage":"zh-Hans"},{"@type":"Organization","@id":"https:\/\/www.bacher-weine.de\/zh-hans\/#organization","name":"Bacher Weine","url":"https:\/\/www.bacher-weine.de\/zh-hans\/","logo":{"@type":"ImageObject","inLanguage":"zh-Hans","@id":"https:\/\/www.bacher-weine.de\/zh-hans\/#\/schema\/logo\/image\/","url":"https:\/\/www.bacher-weine.de\/wp-content\/uploads\/2023\/05\/logo.svg","contentUrl":"https:\/\/www.bacher-weine.de\/wp-content\/uploads\/2023\/05\/logo.svg","caption":"Bacher Weine"},"image":{"@id":"https:\/\/www.bacher-weine.de\/zh-hans\/#\/schema\/logo\/image\/"}}]}},"_links":{"self":[{"href":"https:\/\/www.bacher-weine.de\/zh-hans\/wp-json\/wp\/v2\/product\/1014","targetHints":{"allow":["GET"]}}],"collection":[{"href":"https:\/\/www.bacher-weine.de\/zh-hans\/wp-json\/wp\/v2\/product"}],"about":[{"href":"https:\/\/www.bacher-weine.de\/zh-hans\/wp-json\/wp\/v2\/types\/product"}],"wp:featuredmedia":[{"embeddable":true,"href":"https:\/\/www.bacher-weine.de\/zh-hans\/wp-json\/wp\/v2\/media\/596"}],"wp:attachment":[{"href":"https:\/\/www.bacher-weine.de\/zh-hans\/wp-json\/wp\/v2\/media?parent=1014"}],"wp:term":[{"taxonomy":"product_brand","embeddable":true,"href":"https:\/\/www.bacher-weine.de\/zh-hans\/wp-json\/wp\/v2\/product_brand?post=1014"},{"taxonomy":"product_cat","embeddable":true,"href":"https:\/\/www.bacher-weine.de\/zh-hans\/wp-json\/wp\/v2\/product_cat?post=1014"},{"taxonomy":"product_tag","embeddable":true,"href":"https:\/\/www.bacher-weine.de\/zh-hans\/wp-json\/wp\/v2\/product_tag?post=1014"}],"curies":[{"name":"wp","href":"https:\/\/api.w.org\/{rel}","templated":true}]}}