{"id":1003,"date":"2023-05-29T22:22:32","date_gmt":"2023-05-29T22:22:32","guid":{"rendered":"https:\/\/www.bacher-weine.de\/product\/gutschein\/"},"modified":"2023-05-29T22:22:32","modified_gmt":"2023-05-29T22:22:32","slug":"gutschein","status":"publish","type":"product","link":"https:\/\/www.bacher-weine.de\/zh-hans\/product\/gutschein\/","title":{"rendered":"Gutschein"},"content":{"rendered":"<p>Entdecke das perfekte Geschenk f\u00fcr Weinliebhaber &#8211; die Geschenkkarte f\u00fcr Bacher Weine! Erkunde eine gro\u00dfe Auswahl an Premium-Weinen aus Deutschlands gr\u00f6\u00dftem Weinbaugebiet Rheinhessen.<\/p>\n<p>Der Wert des Gutscheins kann zwischen 10 \u20ac &#8211; 500 \u20ac frei gew\u00e4hlt werden.<\/p>\n","protected":false},"excerpt":{"rendered":"<p>Entdecke das perfekte Geschenk f\u00fcr Weinliebhaber &#038;#8211 [&hellip;]<\/p>\n","protected":false},"featured_media":732,"template":"","meta":{"_acf_changed":false},"product_brand":[],"product_cat":[88,94,90,96,92],"product_tag":[],"class_list":{"0":"post-1003","1":"product","2":"type-product","3":"status-publish","4":"has-post-thumbnail","6":"product_cat-hsb-zh-hans","7":"product_cat-rose-weines-zh-hans","8":"product_cat-bubbly-water-zh-hans","9":"product_cat-white-wines-zh-hans","10":"product_cat-red-wine-zh-hans","12":"first","13":"instock","14":"taxable","15":"shipping-taxable","16":"purchasable","17":"product-type-variable"},"acf":[],"yoast_head":"<!-- This site is optimized with the Yoast SEO plugin v27.4 - https:\/\/yoast.com\/product\/yoast-seo-wordpress\/ -->\n<title>Gutschein - Bacher Weine<\/title>\n<meta name=\"robots\" content=\"index, follow, max-snippet:-1, max-image-preview:large, max-video-preview:-1\" \/>\n<link rel=\"canonical\" href=\"https:\/\/www.bacher-weine.de\/zh-hans\/product\/gutschein\/\" \/>\n<meta property=\"og:locale\" content=\"zh_CN\" \/>\n<meta property=\"og:type\" content=\"article\" \/>\n<meta property=\"og:title\" content=\"Gutschein - Bacher Weine\" \/>\n<meta property=\"og:description\" content=\"Entdecke das perfekte Geschenk f\u00fcr Weinliebhaber &amp;#8211 [&hellip;]\" \/>\n<meta property=\"og:url\" content=\"https:\/\/www.bacher-weine.de\/zh-hans\/product\/gutschein\/\" \/>\n<meta property=\"og:site_name\" content=\"Bacher Weine\" \/>\n<meta name=\"twitter:card\" content=\"summary_large_image\" \/>\n<script type=\"application\/ld+json\" class=\"yoast-schema-graph\">{\"@context\":\"https:\\\/\\\/schema.org\",\"@graph\":[{\"@type\":\"WebPage\",\"@id\":\"https:\\\/\\\/www.bacher-weine.de\\\/zh-hans\\\/product\\\/gutschein\\\/\",\"url\":\"https:\\\/\\\/www.bacher-weine.de\\\/zh-hans\\\/product\\\/gutschein\\\/\",\"name\":\"Gutschein - Bacher Weine\",\"isPartOf\":{\"@id\":\"https:\\\/\\\/www.bacher-weine.de\\\/zh-hans\\\/#website\"},\"primaryImageOfPage\":{\"@id\":\"https:\\\/\\\/www.bacher-weine.de\\\/zh-hans\\\/product\\\/gutschein\\\/#primaryimage\"},\"image\":{\"@id\":\"https:\\\/\\\/www.bacher-weine.de\\\/zh-hans\\\/product\\\/gutschein\\\/#primaryimage\"},\"thumbnailUrl\":\"https:\\\/\\\/www.bacher-weine.de\\\/wp-content\\\/uploads\\\/2023\\\/05\\\/image-2.png\",\"datePublished\":\"2023-05-29T22:22:32+00:00\",\"breadcrumb\":{\"@id\":\"https:\\\/\\\/www.bacher-weine.de\\\/zh-hans\\\/product\\\/gutschein\\\/#breadcrumb\"},\"inLanguage\":\"zh-Hans\",\"potentialAction\":[{\"@type\":\"ReadAction\",\"target\":[\"https:\\\/\\\/www.bacher-weine.de\\\/zh-hans\\\/product\\\/gutschein\\\/\"]}]},{\"@type\":\"ImageObject\",\"inLanguage\":\"zh-Hans\",\"@id\":\"https:\\\/\\\/www.bacher-weine.de\\\/zh-hans\\\/product\\\/gutschein\\\/#primaryimage\",\"url\":\"https:\\\/\\\/www.bacher-weine.de\\\/wp-content\\\/uploads\\\/2023\\\/05\\\/image-2.png\",\"contentUrl\":\"https:\\\/\\\/www.bacher-weine.de\\\/wp-content\\\/uploads\\\/2023\\\/05\\\/image-2.png\",\"width\":1340,\"height\":2000},{\"@type\":\"BreadcrumbList\",\"@id\":\"https:\\\/\\\/www.bacher-weine.de\\\/zh-hans\\\/product\\\/gutschein\\\/#breadcrumb\",\"itemListElement\":[{\"@type\":\"ListItem\",\"position\":1,\"name\":\"Home\",\"item\":\"https:\\\/\\\/www.bacher-weine.de\\\/zh-hans\\\/\"},{\"@type\":\"ListItem\",\"position\":2,\"name\":\"Shop\",\"item\":\"https:\\\/\\\/www.bacher-weine.de\\\/shop\\\/\"},{\"@type\":\"ListItem\",\"position\":3,\"name\":\"Gutschein\"}]},{\"@type\":\"WebSite\",\"@id\":\"https:\\\/\\\/www.bacher-weine.de\\\/zh-hans\\\/#website\",\"url\":\"https:\\\/\\\/www.bacher-weine.de\\\/zh-hans\\\/\",\"name\":\"Bacher Weine\",\"description\":\"\",\"publisher\":{\"@id\":\"https:\\\/\\\/www.bacher-weine.de\\\/zh-hans\\\/#organization\"},\"potentialAction\":[{\"@type\":\"SearchAction\",\"target\":{\"@type\":\"EntryPoint\",\"urlTemplate\":\"https:\\\/\\\/www.bacher-weine.de\\\/zh-hans\\\/?s={search_term_string}\"},\"query-input\":{\"@type\":\"PropertyValueSpecification\",\"valueRequired\":true,\"valueName\":\"search_term_string\"}}],\"inLanguage\":\"zh-Hans\"},{\"@type\":\"Organization\",\"@id\":\"https:\\\/\\\/www.bacher-weine.de\\\/zh-hans\\\/#organization\",\"name\":\"Bacher Weine\",\"url\":\"https:\\\/\\\/www.bacher-weine.de\\\/zh-hans\\\/\",\"logo\":{\"@type\":\"ImageObject\",\"inLanguage\":\"zh-Hans\",\"@id\":\"https:\\\/\\\/www.bacher-weine.de\\\/zh-hans\\\/#\\\/schema\\\/logo\\\/image\\\/\",\"url\":\"https:\\\/\\\/www.bacher-weine.de\\\/wp-content\\\/uploads\\\/2023\\\/05\\\/logo.svg\",\"contentUrl\":\"https:\\\/\\\/www.bacher-weine.de\\\/wp-content\\\/uploads\\\/2023\\\/05\\\/logo.svg\",\"caption\":\"Bacher Weine\"},\"image\":{\"@id\":\"https:\\\/\\\/www.bacher-weine.de\\\/zh-hans\\\/#\\\/schema\\\/logo\\\/image\\\/\"}}]}<\/script>\n<!-- \/ Yoast SEO plugin. -->","yoast_head_json":{"title":"Gutschein - Bacher Weine","robots":{"index":"index","follow":"follow","max-snippet":"max-snippet:-1","max-image-preview":"max-image-preview:large","max-video-preview":"max-video-preview:-1"},"canonical":"https:\/\/www.bacher-weine.de\/zh-hans\/product\/gutschein\/","og_locale":"zh_CN","og_type":"article","og_title":"Gutschein - Bacher Weine","og_description":"Entdecke das perfekte Geschenk f\u00fcr Weinliebhaber &#8211 [&hellip;]","og_url":"https:\/\/www.bacher-weine.de\/zh-hans\/product\/gutschein\/","og_site_name":"Bacher Weine","twitter_card":"summary_large_image","schema":{"@context":"https:\/\/schema.org","@graph":[{"@type":"WebPage","@id":"https:\/\/www.bacher-weine.de\/zh-hans\/product\/gutschein\/","url":"https:\/\/www.bacher-weine.de\/zh-hans\/product\/gutschein\/","name":"Gutschein - Bacher Weine","isPartOf":{"@id":"https:\/\/www.bacher-weine.de\/zh-hans\/#website"},"primaryImageOfPage":{"@id":"https:\/\/www.bacher-weine.de\/zh-hans\/product\/gutschein\/#primaryimage"},"image":{"@id":"https:\/\/www.bacher-weine.de\/zh-hans\/product\/gutschein\/#primaryimage"},"thumbnailUrl":"https:\/\/www.bacher-weine.de\/wp-content\/uploads\/2023\/05\/image-2.png","datePublished":"2023-05-29T22:22:32+00:00","breadcrumb":{"@id":"https:\/\/www.bacher-weine.de\/zh-hans\/product\/gutschein\/#breadcrumb"},"inLanguage":"zh-Hans","potentialAction":[{"@type":"ReadAction","target":["https:\/\/www.bacher-weine.de\/zh-hans\/product\/gutschein\/"]}]},{"@type":"ImageObject","inLanguage":"zh-Hans","@id":"https:\/\/www.bacher-weine.de\/zh-hans\/product\/gutschein\/#primaryimage","url":"https:\/\/www.bacher-weine.de\/wp-content\/uploads\/2023\/05\/image-2.png","contentUrl":"https:\/\/www.bacher-weine.de\/wp-content\/uploads\/2023\/05\/image-2.png","width":1340,"height":2000},{"@type":"BreadcrumbList","@id":"https:\/\/www.bacher-weine.de\/zh-hans\/product\/gutschein\/#breadcrumb","itemListElement":[{"@type":"ListItem","position":1,"name":"Home","item":"https:\/\/www.bacher-weine.de\/zh-hans\/"},{"@type":"ListItem","position":2,"name":"Shop","item":"https:\/\/www.bacher-weine.de\/shop\/"},{"@type":"ListItem","position":3,"name":"Gutschein"}]},{"@type":"WebSite","@id":"https:\/\/www.bacher-weine.de\/zh-hans\/#website","url":"https:\/\/www.bacher-weine.de\/zh-hans\/","name":"Bacher Weine","description":"","publisher":{"@id":"https:\/\/www.bacher-weine.de\/zh-hans\/#organization"},"potentialAction":[{"@type":"SearchAction","target":{"@type":"EntryPoint","urlTemplate":"https:\/\/www.bacher-weine.de\/zh-hans\/?s={search_term_string}"},"query-input":{"@type":"PropertyValueSpecification","valueRequired":true,"valueName":"search_term_string"}}],"inLanguage":"zh-Hans"},{"@type":"Organization","@id":"https:\/\/www.bacher-weine.de\/zh-hans\/#organization","name":"Bacher Weine","url":"https:\/\/www.bacher-weine.de\/zh-hans\/","logo":{"@type":"ImageObject","inLanguage":"zh-Hans","@id":"https:\/\/www.bacher-weine.de\/zh-hans\/#\/schema\/logo\/image\/","url":"https:\/\/www.bacher-weine.de\/wp-content\/uploads\/2023\/05\/logo.svg","contentUrl":"https:\/\/www.bacher-weine.de\/wp-content\/uploads\/2023\/05\/logo.svg","caption":"Bacher Weine"},"image":{"@id":"https:\/\/www.bacher-weine.de\/zh-hans\/#\/schema\/logo\/image\/"}}]}},"_links":{"self":[{"href":"https:\/\/www.bacher-weine.de\/zh-hans\/wp-json\/wp\/v2\/product\/1003","targetHints":{"allow":["GET"]}}],"collection":[{"href":"https:\/\/www.bacher-weine.de\/zh-hans\/wp-json\/wp\/v2\/product"}],"about":[{"href":"https:\/\/www.bacher-weine.de\/zh-hans\/wp-json\/wp\/v2\/types\/product"}],"wp:featuredmedia":[{"embeddable":true,"href":"https:\/\/www.bacher-weine.de\/zh-hans\/wp-json\/wp\/v2\/media\/732"}],"wp:attachment":[{"href":"https:\/\/www.bacher-weine.de\/zh-hans\/wp-json\/wp\/v2\/media?parent=1003"}],"wp:term":[{"taxonomy":"product_brand","embeddable":true,"href":"https:\/\/www.bacher-weine.de\/zh-hans\/wp-json\/wp\/v2\/product_brand?post=1003"},{"taxonomy":"product_cat","embeddable":true,"href":"https:\/\/www.bacher-weine.de\/zh-hans\/wp-json\/wp\/v2\/product_cat?post=1003"},{"taxonomy":"product_tag","embeddable":true,"href":"https:\/\/www.bacher-weine.de\/zh-hans\/wp-json\/wp\/v2\/product_tag?post=1003"}],"curies":[{"name":"wp","href":"https:\/\/api.w.org\/{rel}","templated":true}]}}