{"id":1055,"date":"2023-06-01T09:45:17","date_gmt":"2023-06-01T09:45:17","guid":{"rendered":"https:\/\/www.bacher-weine.de\/product\/weisser-burgunder\/"},"modified":"2024-06-05T07:57:29","modified_gmt":"2024-06-05T07:57:29","slug":"weisser-burgunder","status":"publish","type":"product","link":"https:\/\/www.bacher-weine.de\/en\/product\/weisser-burgunder\/","title":{"rendered":"Weisser Burgunder"},"content":{"rendered":"<p><strong>Herkunft:<\/strong> Deutschland, Rheinhessen<\/p>\n<p><strong>Lage:<\/strong> Herrnsheimer Schloss<\/p>\n<p><strong>Ausbau:<\/strong> Edelstahltank<\/p>\n<p><strong>Weinbeschreibung:<\/strong> Auf der Zunge dominieren Fruchtnoten von Aprikosen und wei\u00dfen Pfirsichen, aber auch ein Hauch von gr\u00fcnen \u00c4pfeln und Birnen lassen sich erkennen. Durch seine gut eingebundene S\u00e4ure ist dieser Wein sehr erfrischend.<\/p>\n<p><strong>Analysedaten:<\/strong><\/p>\n<p>Restzucker: 6,8 g\/l<br \/>\nS\u00e4ure: 6,1 g\/l<br \/>\nAlkohol: 12,5% vol.<br \/>\nTrinktemperatur: 8\u00b0 &#8211; 10\u00b0 C<br \/>\nFlascheninhalt: 750 ml<\/p>\n","protected":false},"excerpt":{"rendered":"<p>Herkunft: Deutschland, Rheinhessen Lage: Herrnsheimer Schloss Ausbau: Edelstahltank Weinbeschreibung: Auf der Zunge dominieren Fruchtnoten von Aprikosen und wei\u00dfen Pfirsichen, aber auch ein Hauch von gr\u00fcnen \u00c4pfeln und Birnen lassen sich erkennen. Durch seine gut eingebundene S\u00e4ure ist dieser Wein sehr erfrischend. Analysedaten: Restzucker: 6,8 g\/l S\u00e4ure: 6,1 g\/l Alkohol: 12,5% vol. Trinktemperatur: 8\u00b0 &#8211; 10\u00b0 [&hellip;]<\/p>\n","protected":false},"featured_media":298,"template":"","meta":{"_acf_changed":false},"product_brand":[],"product_cat":[97],"product_tag":[144,147],"class_list":{"0":"post-1055","1":"product","2":"type-product","3":"status-publish","4":"has-post-thumbnail","6":"product_cat-white-wines","7":"product_tag-burgunder-en","8":"product_tag-weisser-en","10":"first","11":"instock","12":"taxable","13":"shipping-taxable","14":"purchasable","15":"product-type-simple"},"acf":[],"yoast_head":"<!-- This site is optimized with the Yoast SEO plugin v27.4 - https:\/\/yoast.com\/product\/yoast-seo-wordpress\/ -->\n<title>Bacher Weine Weisser Burgunder<\/title>\n<meta name=\"description\" content=\"Auf der Zunge dominieren Fruchtnoten von Aprikosen und wei\u00dfen Pfirsichen, aber auch ein Hauch von gr\u00fcnen \u00c4pfeln und Birnen lassen sich erkennen.\" \/>\n<meta name=\"robots\" content=\"index, follow, max-snippet:-1, max-image-preview:large, max-video-preview:-1\" \/>\n<link rel=\"canonical\" href=\"https:\/\/www.bacher-weine.de\/en\/product\/weisser-burgunder\/\" \/>\n<meta property=\"og:locale\" content=\"en_US\" \/>\n<meta property=\"og:type\" content=\"article\" \/>\n<meta property=\"og:title\" content=\"Bacher Weine Weisser Burgunder\" \/>\n<meta property=\"og:description\" content=\"Auf der Zunge dominieren Fruchtnoten von Aprikosen und wei\u00dfen Pfirsichen, aber auch ein Hauch von gr\u00fcnen \u00c4pfeln und Birnen lassen sich erkennen.\" \/>\n<meta property=\"og:url\" content=\"https:\/\/www.bacher-weine.de\/en\/product\/weisser-burgunder\/\" \/>\n<meta property=\"og:site_name\" content=\"Bacher Weine\" \/>\n<meta property=\"article:modified_time\" content=\"2024-06-05T07:57:29+00:00\" \/>\n<meta property=\"og:image\" content=\"https:\/\/www.bacher-weine.de\/wp-content\/uploads\/2023\/06\/Bacher-Weine-Weisser-Burgunder.png\" \/>\n\t<meta property=\"og:image:width\" content=\"1331\" \/>\n\t<meta property=\"og:image:height\" content=\"2000\" \/>\n\t<meta property=\"og:image:type\" content=\"image\/png\" \/>\n<meta name=\"twitter:card\" content=\"summary_large_image\" \/>\n<meta name=\"twitter:label1\" content=\"Est. reading time\" \/>\n\t<meta name=\"twitter:data1\" content=\"1 minute\" \/>\n<script type=\"application\/ld+json\" class=\"yoast-schema-graph\">{\"@context\":\"https:\\\/\\\/schema.org\",\"@graph\":[{\"@type\":\"WebPage\",\"@id\":\"https:\\\/\\\/www.bacher-weine.de\\\/en\\\/product\\\/weisser-burgunder\\\/\",\"url\":\"https:\\\/\\\/www.bacher-weine.de\\\/en\\\/product\\\/weisser-burgunder\\\/\",\"name\":\"Bacher Weine Weisser Burgunder\",\"isPartOf\":{\"@id\":\"https:\\\/\\\/www.bacher-weine.de\\\/en\\\/#website\"},\"primaryImageOfPage\":{\"@id\":\"https:\\\/\\\/www.bacher-weine.de\\\/en\\\/product\\\/weisser-burgunder\\\/#primaryimage\"},\"image\":{\"@id\":\"https:\\\/\\\/www.bacher-weine.de\\\/en\\\/product\\\/weisser-burgunder\\\/#primaryimage\"},\"thumbnailUrl\":\"https:\\\/\\\/www.bacher-weine.de\\\/wp-content\\\/uploads\\\/2023\\\/06\\\/Bacher-Weine-Weisser-Burgunder.png\",\"datePublished\":\"2023-06-01T09:45:17+00:00\",\"dateModified\":\"2024-06-05T07:57:29+00:00\",\"description\":\"Auf der Zunge dominieren Fruchtnoten von Aprikosen und wei\u00dfen Pfirsichen, aber auch ein Hauch von gr\u00fcnen \u00c4pfeln und Birnen lassen sich erkennen.\",\"breadcrumb\":{\"@id\":\"https:\\\/\\\/www.bacher-weine.de\\\/en\\\/product\\\/weisser-burgunder\\\/#breadcrumb\"},\"inLanguage\":\"en-US\",\"potentialAction\":[{\"@type\":\"ReadAction\",\"target\":[\"https:\\\/\\\/www.bacher-weine.de\\\/en\\\/product\\\/weisser-burgunder\\\/\"]}]},{\"@type\":\"ImageObject\",\"inLanguage\":\"en-US\",\"@id\":\"https:\\\/\\\/www.bacher-weine.de\\\/en\\\/product\\\/weisser-burgunder\\\/#primaryimage\",\"url\":\"https:\\\/\\\/www.bacher-weine.de\\\/wp-content\\\/uploads\\\/2023\\\/06\\\/Bacher-Weine-Weisser-Burgunder.png\",\"contentUrl\":\"https:\\\/\\\/www.bacher-weine.de\\\/wp-content\\\/uploads\\\/2023\\\/06\\\/Bacher-Weine-Weisser-Burgunder.png\",\"width\":1331,\"height\":2000},{\"@type\":\"BreadcrumbList\",\"@id\":\"https:\\\/\\\/www.bacher-weine.de\\\/en\\\/product\\\/weisser-burgunder\\\/#breadcrumb\",\"itemListElement\":[{\"@type\":\"ListItem\",\"position\":1,\"name\":\"Home\",\"item\":\"https:\\\/\\\/www.bacher-weine.de\\\/en\\\/\"},{\"@type\":\"ListItem\",\"position\":2,\"name\":\"Shop\",\"item\":\"https:\\\/\\\/www.bacher-weine.de\\\/shop\\\/\"},{\"@type\":\"ListItem\",\"position\":3,\"name\":\"Weisser Burgunder\"}]},{\"@type\":\"WebSite\",\"@id\":\"https:\\\/\\\/www.bacher-weine.de\\\/en\\\/#website\",\"url\":\"https:\\\/\\\/www.bacher-weine.de\\\/en\\\/\",\"name\":\"Bacher Weine\",\"description\":\"\",\"publisher\":{\"@id\":\"https:\\\/\\\/www.bacher-weine.de\\\/en\\\/#organization\"},\"potentialAction\":[{\"@type\":\"SearchAction\",\"target\":{\"@type\":\"EntryPoint\",\"urlTemplate\":\"https:\\\/\\\/www.bacher-weine.de\\\/en\\\/?s={search_term_string}\"},\"query-input\":{\"@type\":\"PropertyValueSpecification\",\"valueRequired\":true,\"valueName\":\"search_term_string\"}}],\"inLanguage\":\"en-US\"},{\"@type\":\"Organization\",\"@id\":\"https:\\\/\\\/www.bacher-weine.de\\\/en\\\/#organization\",\"name\":\"Bacher Weine\",\"url\":\"https:\\\/\\\/www.bacher-weine.de\\\/en\\\/\",\"logo\":{\"@type\":\"ImageObject\",\"inLanguage\":\"en-US\",\"@id\":\"https:\\\/\\\/www.bacher-weine.de\\\/en\\\/#\\\/schema\\\/logo\\\/image\\\/\",\"url\":\"https:\\\/\\\/www.bacher-weine.de\\\/wp-content\\\/uploads\\\/2023\\\/05\\\/logo.svg\",\"contentUrl\":\"https:\\\/\\\/www.bacher-weine.de\\\/wp-content\\\/uploads\\\/2023\\\/05\\\/logo.svg\",\"caption\":\"Bacher Weine\"},\"image\":{\"@id\":\"https:\\\/\\\/www.bacher-weine.de\\\/en\\\/#\\\/schema\\\/logo\\\/image\\\/\"}}]}<\/script>\n<!-- \/ Yoast SEO plugin. -->","yoast_head_json":{"title":"Bacher Weine Weisser Burgunder","description":"Auf der Zunge dominieren Fruchtnoten von Aprikosen und wei\u00dfen Pfirsichen, aber auch ein Hauch von gr\u00fcnen \u00c4pfeln und Birnen lassen sich erkennen.","robots":{"index":"index","follow":"follow","max-snippet":"max-snippet:-1","max-image-preview":"max-image-preview:large","max-video-preview":"max-video-preview:-1"},"canonical":"https:\/\/www.bacher-weine.de\/en\/product\/weisser-burgunder\/","og_locale":"en_US","og_type":"article","og_title":"Bacher Weine Weisser Burgunder","og_description":"Auf der Zunge dominieren Fruchtnoten von Aprikosen und wei\u00dfen Pfirsichen, aber auch ein Hauch von gr\u00fcnen \u00c4pfeln und Birnen lassen sich erkennen.","og_url":"https:\/\/www.bacher-weine.de\/en\/product\/weisser-burgunder\/","og_site_name":"Bacher Weine","article_modified_time":"2024-06-05T07:57:29+00:00","og_image":[{"width":1331,"height":2000,"url":"https:\/\/www.bacher-weine.de\/wp-content\/uploads\/2023\/06\/Bacher-Weine-Weisser-Burgunder.png","type":"image\/png"}],"twitter_card":"summary_large_image","twitter_misc":{"Est. reading time":"1 minute"},"schema":{"@context":"https:\/\/schema.org","@graph":[{"@type":"WebPage","@id":"https:\/\/www.bacher-weine.de\/en\/product\/weisser-burgunder\/","url":"https:\/\/www.bacher-weine.de\/en\/product\/weisser-burgunder\/","name":"Bacher Weine Weisser Burgunder","isPartOf":{"@id":"https:\/\/www.bacher-weine.de\/en\/#website"},"primaryImageOfPage":{"@id":"https:\/\/www.bacher-weine.de\/en\/product\/weisser-burgunder\/#primaryimage"},"image":{"@id":"https:\/\/www.bacher-weine.de\/en\/product\/weisser-burgunder\/#primaryimage"},"thumbnailUrl":"https:\/\/www.bacher-weine.de\/wp-content\/uploads\/2023\/06\/Bacher-Weine-Weisser-Burgunder.png","datePublished":"2023-06-01T09:45:17+00:00","dateModified":"2024-06-05T07:57:29+00:00","description":"Auf der Zunge dominieren Fruchtnoten von Aprikosen und wei\u00dfen Pfirsichen, aber auch ein Hauch von gr\u00fcnen \u00c4pfeln und Birnen lassen sich erkennen.","breadcrumb":{"@id":"https:\/\/www.bacher-weine.de\/en\/product\/weisser-burgunder\/#breadcrumb"},"inLanguage":"en-US","potentialAction":[{"@type":"ReadAction","target":["https:\/\/www.bacher-weine.de\/en\/product\/weisser-burgunder\/"]}]},{"@type":"ImageObject","inLanguage":"en-US","@id":"https:\/\/www.bacher-weine.de\/en\/product\/weisser-burgunder\/#primaryimage","url":"https:\/\/www.bacher-weine.de\/wp-content\/uploads\/2023\/06\/Bacher-Weine-Weisser-Burgunder.png","contentUrl":"https:\/\/www.bacher-weine.de\/wp-content\/uploads\/2023\/06\/Bacher-Weine-Weisser-Burgunder.png","width":1331,"height":2000},{"@type":"BreadcrumbList","@id":"https:\/\/www.bacher-weine.de\/en\/product\/weisser-burgunder\/#breadcrumb","itemListElement":[{"@type":"ListItem","position":1,"name":"Home","item":"https:\/\/www.bacher-weine.de\/en\/"},{"@type":"ListItem","position":2,"name":"Shop","item":"https:\/\/www.bacher-weine.de\/shop\/"},{"@type":"ListItem","position":3,"name":"Weisser Burgunder"}]},{"@type":"WebSite","@id":"https:\/\/www.bacher-weine.de\/en\/#website","url":"https:\/\/www.bacher-weine.de\/en\/","name":"Bacher Weine","description":"","publisher":{"@id":"https:\/\/www.bacher-weine.de\/en\/#organization"},"potentialAction":[{"@type":"SearchAction","target":{"@type":"EntryPoint","urlTemplate":"https:\/\/www.bacher-weine.de\/en\/?s={search_term_string}"},"query-input":{"@type":"PropertyValueSpecification","valueRequired":true,"valueName":"search_term_string"}}],"inLanguage":"en-US"},{"@type":"Organization","@id":"https:\/\/www.bacher-weine.de\/en\/#organization","name":"Bacher Weine","url":"https:\/\/www.bacher-weine.de\/en\/","logo":{"@type":"ImageObject","inLanguage":"en-US","@id":"https:\/\/www.bacher-weine.de\/en\/#\/schema\/logo\/image\/","url":"https:\/\/www.bacher-weine.de\/wp-content\/uploads\/2023\/05\/logo.svg","contentUrl":"https:\/\/www.bacher-weine.de\/wp-content\/uploads\/2023\/05\/logo.svg","caption":"Bacher Weine"},"image":{"@id":"https:\/\/www.bacher-weine.de\/en\/#\/schema\/logo\/image\/"}}]}},"_links":{"self":[{"href":"https:\/\/www.bacher-weine.de\/en\/wp-json\/wp\/v2\/product\/1055","targetHints":{"allow":["GET"]}}],"collection":[{"href":"https:\/\/www.bacher-weine.de\/en\/wp-json\/wp\/v2\/product"}],"about":[{"href":"https:\/\/www.bacher-weine.de\/en\/wp-json\/wp\/v2\/types\/product"}],"wp:featuredmedia":[{"embeddable":true,"href":"https:\/\/www.bacher-weine.de\/en\/wp-json\/wp\/v2\/media\/298"}],"wp:attachment":[{"href":"https:\/\/www.bacher-weine.de\/en\/wp-json\/wp\/v2\/media?parent=1055"}],"wp:term":[{"taxonomy":"product_brand","embeddable":true,"href":"https:\/\/www.bacher-weine.de\/en\/wp-json\/wp\/v2\/product_brand?post=1055"},{"taxonomy":"product_cat","embeddable":true,"href":"https:\/\/www.bacher-weine.de\/en\/wp-json\/wp\/v2\/product_cat?post=1055"},{"taxonomy":"product_tag","embeddable":true,"href":"https:\/\/www.bacher-weine.de\/en\/wp-json\/wp\/v2\/product_tag?post=1055"}],"curies":[{"name":"wp","href":"https:\/\/api.w.org\/{rel}","templated":true}]}}