{"id":1051,"date":"2023-05-30T14:43:36","date_gmt":"2023-05-30T14:43:36","guid":{"rendered":"https:\/\/www.bacher-weine.de\/product\/grauer-burgunder\/"},"modified":"2024-06-05T07:57:43","modified_gmt":"2024-06-05T07:57:43","slug":"grauer-burgunder","status":"publish","type":"product","link":"https:\/\/www.bacher-weine.de\/en\/product\/grauer-burgunder\/","title":{"rendered":"Grauer Burgunder"},"content":{"rendered":"<p><strong>Herkunft:<\/strong> Deutschland, Rheinhessen<\/p>\n<p><strong>Lage:<\/strong> Herrnsheimer Schloss<\/p>\n<p><strong>Ausbau:<\/strong>\u00a0Edelstahltank<\/p>\n<p><strong>Weinbeschreibung:<\/strong> Noten von reiferen \u00c4pfeln, Quitte und leichten Zitrusfr\u00fcchten dazu eine feine Mineralit\u00e4t machen unseren Grauburgunder aus. Ein stilvoller Grauer Burgunder mit Substanz und geschmacklicher Intensit\u00e4t.<\/p>\n<p><strong>Analysedaten:<\/strong><\/p>\n<p>Restzucker: 7,4 g\/l<br \/>\nS\u00e4ure: 5,6 g\/l<br \/>\nAlkohol: 12,5 % vol.<br \/>\nTrinktemperatur: 8\u00b0 &#8211; 10\u00b0 C<br \/>\nFlascheninhalt: 750 ml<\/p>\n","protected":false},"excerpt":{"rendered":"<p>Herkunft: Deutschland, Rheinhessen Lage: Herrnsheimer Schloss Ausbau:\u00a0Edelstahltank Weinbeschreibung: Noten von reiferen \u00c4pfeln, Quitte und leichten Zitrusfr\u00fcchten dazu eine feine Mineralit\u00e4t machen unseren Grauburgunder aus. Ein stilvoller Grauer Burgunder mit Substanz und geschmacklicher Intensit\u00e4t. Analysedaten: Restzucker: 7,4 g\/l S\u00e4ure: 5,6 g\/l Alkohol: 12,5 % vol. Trinktemperatur: 8\u00b0 &#8211; 10\u00b0 C Flascheninhalt: 750 ml<\/p>\n","protected":false},"featured_media":303,"template":"","meta":{"_acf_changed":false},"product_brand":[],"product_cat":[97],"product_tag":[144,145],"class_list":{"0":"post-1051","1":"product","2":"type-product","3":"status-publish","4":"has-post-thumbnail","6":"product_cat-white-wines","7":"product_tag-burgunder-en","8":"product_tag-grauer-en","10":"first","11":"instock","12":"taxable","13":"shipping-taxable","14":"purchasable","15":"product-type-simple"},"acf":[],"yoast_head":"<!-- This site is optimized with the Yoast SEO plugin v27.4 - https:\/\/yoast.com\/product\/yoast-seo-wordpress\/ -->\n<title>Bacher Weine Grauer Burgunder<\/title>\n<meta name=\"description\" content=\"Noten von reiferen \u00c4pfeln, Quitte und leichten Zitrusfr\u00fcchten dazu eine feine Mineralit\u00e4t machen unseren Grauburgunder aus.\" \/>\n<meta name=\"robots\" content=\"index, follow, max-snippet:-1, max-image-preview:large, max-video-preview:-1\" \/>\n<link rel=\"canonical\" href=\"https:\/\/www.bacher-weine.de\/en\/product\/grauer-burgunder\/\" \/>\n<meta property=\"og:locale\" content=\"en_US\" \/>\n<meta property=\"og:type\" content=\"article\" \/>\n<meta property=\"og:title\" content=\"Bacher Weine Grauer Burgunder\" \/>\n<meta property=\"og:description\" content=\"Noten von reiferen \u00c4pfeln, Quitte und leichten Zitrusfr\u00fcchten dazu eine feine Mineralit\u00e4t machen unseren Grauburgunder aus.\" \/>\n<meta property=\"og:url\" content=\"https:\/\/www.bacher-weine.de\/en\/product\/grauer-burgunder\/\" \/>\n<meta property=\"og:site_name\" content=\"Bacher Weine\" \/>\n<meta property=\"article:modified_time\" content=\"2024-06-05T07:57:43+00:00\" \/>\n<meta property=\"og:image\" content=\"https:\/\/www.bacher-weine.de\/wp-content\/uploads\/2023\/05\/Bacher-Weine-Grauer-Burgunder-1.png\" \/>\n\t<meta property=\"og:image:width\" content=\"1331\" \/>\n\t<meta property=\"og:image:height\" content=\"2000\" \/>\n\t<meta property=\"og:image:type\" content=\"image\/png\" \/>\n<meta name=\"twitter:card\" content=\"summary_large_image\" \/>\n<meta name=\"twitter:label1\" content=\"Est. reading time\" \/>\n\t<meta name=\"twitter:data1\" content=\"1 minute\" \/>\n<script type=\"application\/ld+json\" class=\"yoast-schema-graph\">{\"@context\":\"https:\\\/\\\/schema.org\",\"@graph\":[{\"@type\":\"WebPage\",\"@id\":\"https:\\\/\\\/www.bacher-weine.de\\\/en\\\/product\\\/grauer-burgunder\\\/\",\"url\":\"https:\\\/\\\/www.bacher-weine.de\\\/en\\\/product\\\/grauer-burgunder\\\/\",\"name\":\"Bacher Weine Grauer Burgunder\",\"isPartOf\":{\"@id\":\"https:\\\/\\\/www.bacher-weine.de\\\/en\\\/#website\"},\"primaryImageOfPage\":{\"@id\":\"https:\\\/\\\/www.bacher-weine.de\\\/en\\\/product\\\/grauer-burgunder\\\/#primaryimage\"},\"image\":{\"@id\":\"https:\\\/\\\/www.bacher-weine.de\\\/en\\\/product\\\/grauer-burgunder\\\/#primaryimage\"},\"thumbnailUrl\":\"https:\\\/\\\/www.bacher-weine.de\\\/wp-content\\\/uploads\\\/2023\\\/05\\\/Bacher-Weine-Grauer-Burgunder-1.png\",\"datePublished\":\"2023-05-30T14:43:36+00:00\",\"dateModified\":\"2024-06-05T07:57:43+00:00\",\"description\":\"Noten von reiferen \u00c4pfeln, Quitte und leichten Zitrusfr\u00fcchten dazu eine feine Mineralit\u00e4t machen unseren Grauburgunder aus.\",\"breadcrumb\":{\"@id\":\"https:\\\/\\\/www.bacher-weine.de\\\/en\\\/product\\\/grauer-burgunder\\\/#breadcrumb\"},\"inLanguage\":\"en-US\",\"potentialAction\":[{\"@type\":\"ReadAction\",\"target\":[\"https:\\\/\\\/www.bacher-weine.de\\\/en\\\/product\\\/grauer-burgunder\\\/\"]}]},{\"@type\":\"ImageObject\",\"inLanguage\":\"en-US\",\"@id\":\"https:\\\/\\\/www.bacher-weine.de\\\/en\\\/product\\\/grauer-burgunder\\\/#primaryimage\",\"url\":\"https:\\\/\\\/www.bacher-weine.de\\\/wp-content\\\/uploads\\\/2023\\\/05\\\/Bacher-Weine-Grauer-Burgunder-1.png\",\"contentUrl\":\"https:\\\/\\\/www.bacher-weine.de\\\/wp-content\\\/uploads\\\/2023\\\/05\\\/Bacher-Weine-Grauer-Burgunder-1.png\",\"width\":1331,\"height\":2000},{\"@type\":\"BreadcrumbList\",\"@id\":\"https:\\\/\\\/www.bacher-weine.de\\\/en\\\/product\\\/grauer-burgunder\\\/#breadcrumb\",\"itemListElement\":[{\"@type\":\"ListItem\",\"position\":1,\"name\":\"Home\",\"item\":\"https:\\\/\\\/www.bacher-weine.de\\\/en\\\/\"},{\"@type\":\"ListItem\",\"position\":2,\"name\":\"Shop\",\"item\":\"https:\\\/\\\/www.bacher-weine.de\\\/shop\\\/\"},{\"@type\":\"ListItem\",\"position\":3,\"name\":\"Grauer Burgunder\"}]},{\"@type\":\"WebSite\",\"@id\":\"https:\\\/\\\/www.bacher-weine.de\\\/en\\\/#website\",\"url\":\"https:\\\/\\\/www.bacher-weine.de\\\/en\\\/\",\"name\":\"Bacher Weine\",\"description\":\"\",\"publisher\":{\"@id\":\"https:\\\/\\\/www.bacher-weine.de\\\/en\\\/#organization\"},\"potentialAction\":[{\"@type\":\"SearchAction\",\"target\":{\"@type\":\"EntryPoint\",\"urlTemplate\":\"https:\\\/\\\/www.bacher-weine.de\\\/en\\\/?s={search_term_string}\"},\"query-input\":{\"@type\":\"PropertyValueSpecification\",\"valueRequired\":true,\"valueName\":\"search_term_string\"}}],\"inLanguage\":\"en-US\"},{\"@type\":\"Organization\",\"@id\":\"https:\\\/\\\/www.bacher-weine.de\\\/en\\\/#organization\",\"name\":\"Bacher Weine\",\"url\":\"https:\\\/\\\/www.bacher-weine.de\\\/en\\\/\",\"logo\":{\"@type\":\"ImageObject\",\"inLanguage\":\"en-US\",\"@id\":\"https:\\\/\\\/www.bacher-weine.de\\\/en\\\/#\\\/schema\\\/logo\\\/image\\\/\",\"url\":\"https:\\\/\\\/www.bacher-weine.de\\\/wp-content\\\/uploads\\\/2023\\\/05\\\/logo.svg\",\"contentUrl\":\"https:\\\/\\\/www.bacher-weine.de\\\/wp-content\\\/uploads\\\/2023\\\/05\\\/logo.svg\",\"caption\":\"Bacher Weine\"},\"image\":{\"@id\":\"https:\\\/\\\/www.bacher-weine.de\\\/en\\\/#\\\/schema\\\/logo\\\/image\\\/\"}}]}<\/script>\n<!-- \/ Yoast SEO plugin. -->","yoast_head_json":{"title":"Bacher Weine Grauer Burgunder","description":"Noten von reiferen \u00c4pfeln, Quitte und leichten Zitrusfr\u00fcchten dazu eine feine Mineralit\u00e4t machen unseren Grauburgunder aus.","robots":{"index":"index","follow":"follow","max-snippet":"max-snippet:-1","max-image-preview":"max-image-preview:large","max-video-preview":"max-video-preview:-1"},"canonical":"https:\/\/www.bacher-weine.de\/en\/product\/grauer-burgunder\/","og_locale":"en_US","og_type":"article","og_title":"Bacher Weine Grauer Burgunder","og_description":"Noten von reiferen \u00c4pfeln, Quitte und leichten Zitrusfr\u00fcchten dazu eine feine Mineralit\u00e4t machen unseren Grauburgunder aus.","og_url":"https:\/\/www.bacher-weine.de\/en\/product\/grauer-burgunder\/","og_site_name":"Bacher Weine","article_modified_time":"2024-06-05T07:57:43+00:00","og_image":[{"width":1331,"height":2000,"url":"https:\/\/www.bacher-weine.de\/wp-content\/uploads\/2023\/05\/Bacher-Weine-Grauer-Burgunder-1.png","type":"image\/png"}],"twitter_card":"summary_large_image","twitter_misc":{"Est. reading time":"1 minute"},"schema":{"@context":"https:\/\/schema.org","@graph":[{"@type":"WebPage","@id":"https:\/\/www.bacher-weine.de\/en\/product\/grauer-burgunder\/","url":"https:\/\/www.bacher-weine.de\/en\/product\/grauer-burgunder\/","name":"Bacher Weine Grauer Burgunder","isPartOf":{"@id":"https:\/\/www.bacher-weine.de\/en\/#website"},"primaryImageOfPage":{"@id":"https:\/\/www.bacher-weine.de\/en\/product\/grauer-burgunder\/#primaryimage"},"image":{"@id":"https:\/\/www.bacher-weine.de\/en\/product\/grauer-burgunder\/#primaryimage"},"thumbnailUrl":"https:\/\/www.bacher-weine.de\/wp-content\/uploads\/2023\/05\/Bacher-Weine-Grauer-Burgunder-1.png","datePublished":"2023-05-30T14:43:36+00:00","dateModified":"2024-06-05T07:57:43+00:00","description":"Noten von reiferen \u00c4pfeln, Quitte und leichten Zitrusfr\u00fcchten dazu eine feine Mineralit\u00e4t machen unseren Grauburgunder aus.","breadcrumb":{"@id":"https:\/\/www.bacher-weine.de\/en\/product\/grauer-burgunder\/#breadcrumb"},"inLanguage":"en-US","potentialAction":[{"@type":"ReadAction","target":["https:\/\/www.bacher-weine.de\/en\/product\/grauer-burgunder\/"]}]},{"@type":"ImageObject","inLanguage":"en-US","@id":"https:\/\/www.bacher-weine.de\/en\/product\/grauer-burgunder\/#primaryimage","url":"https:\/\/www.bacher-weine.de\/wp-content\/uploads\/2023\/05\/Bacher-Weine-Grauer-Burgunder-1.png","contentUrl":"https:\/\/www.bacher-weine.de\/wp-content\/uploads\/2023\/05\/Bacher-Weine-Grauer-Burgunder-1.png","width":1331,"height":2000},{"@type":"BreadcrumbList","@id":"https:\/\/www.bacher-weine.de\/en\/product\/grauer-burgunder\/#breadcrumb","itemListElement":[{"@type":"ListItem","position":1,"name":"Home","item":"https:\/\/www.bacher-weine.de\/en\/"},{"@type":"ListItem","position":2,"name":"Shop","item":"https:\/\/www.bacher-weine.de\/shop\/"},{"@type":"ListItem","position":3,"name":"Grauer Burgunder"}]},{"@type":"WebSite","@id":"https:\/\/www.bacher-weine.de\/en\/#website","url":"https:\/\/www.bacher-weine.de\/en\/","name":"Bacher Weine","description":"","publisher":{"@id":"https:\/\/www.bacher-weine.de\/en\/#organization"},"potentialAction":[{"@type":"SearchAction","target":{"@type":"EntryPoint","urlTemplate":"https:\/\/www.bacher-weine.de\/en\/?s={search_term_string}"},"query-input":{"@type":"PropertyValueSpecification","valueRequired":true,"valueName":"search_term_string"}}],"inLanguage":"en-US"},{"@type":"Organization","@id":"https:\/\/www.bacher-weine.de\/en\/#organization","name":"Bacher Weine","url":"https:\/\/www.bacher-weine.de\/en\/","logo":{"@type":"ImageObject","inLanguage":"en-US","@id":"https:\/\/www.bacher-weine.de\/en\/#\/schema\/logo\/image\/","url":"https:\/\/www.bacher-weine.de\/wp-content\/uploads\/2023\/05\/logo.svg","contentUrl":"https:\/\/www.bacher-weine.de\/wp-content\/uploads\/2023\/05\/logo.svg","caption":"Bacher Weine"},"image":{"@id":"https:\/\/www.bacher-weine.de\/en\/#\/schema\/logo\/image\/"}}]}},"_links":{"self":[{"href":"https:\/\/www.bacher-weine.de\/en\/wp-json\/wp\/v2\/product\/1051","targetHints":{"allow":["GET"]}}],"collection":[{"href":"https:\/\/www.bacher-weine.de\/en\/wp-json\/wp\/v2\/product"}],"about":[{"href":"https:\/\/www.bacher-weine.de\/en\/wp-json\/wp\/v2\/types\/product"}],"wp:featuredmedia":[{"embeddable":true,"href":"https:\/\/www.bacher-weine.de\/en\/wp-json\/wp\/v2\/media\/303"}],"wp:attachment":[{"href":"https:\/\/www.bacher-weine.de\/en\/wp-json\/wp\/v2\/media?parent=1051"}],"wp:term":[{"taxonomy":"product_brand","embeddable":true,"href":"https:\/\/www.bacher-weine.de\/en\/wp-json\/wp\/v2\/product_brand?post=1051"},{"taxonomy":"product_cat","embeddable":true,"href":"https:\/\/www.bacher-weine.de\/en\/wp-json\/wp\/v2\/product_cat?post=1051"},{"taxonomy":"product_tag","embeddable":true,"href":"https:\/\/www.bacher-weine.de\/en\/wp-json\/wp\/v2\/product_tag?post=1051"}],"curies":[{"name":"wp","href":"https:\/\/api.w.org\/{rel}","templated":true}]}}