{"id":1045,"date":"2023-06-01T10:07:07","date_gmt":"2023-06-01T10:07:07","guid":{"rendered":"https:\/\/www.bacher-weine.de\/product\/chardonnay-barrique\/"},"modified":"2024-04-18T21:57:35","modified_gmt":"2024-04-18T21:57:35","slug":"chardonnay-barrique","status":"publish","type":"product","link":"https:\/\/www.bacher-weine.de\/en\/product\/chardonnay-barrique\/","title":{"rendered":"Chardonnay Barrique"},"content":{"rendered":"<p><strong>Herkunft:<\/strong>\u00a0Deutschland, Rheinhessen<\/p>\n<p><strong>Lage:<\/strong> Dalsheimer B\u00fcrgel<\/p>\n<p><strong>Ausbau:<\/strong> Barrique-Fass<\/p>\n<p><strong>Weinbeschreibung:<\/strong> F\u00fcr Liebhaber gehaltvoller zarter Weine. Ein feines Geschmackserlebnis f\u00fcr jeden Fan von Barrique-Fass ausgebauten Burgundern. Der Duft von Melonen, exotischen Fr\u00fcchten, \u00fcberreifen Stachelbeeren oder auch nicht ganz reifen \u00c4pfeln ist typisch f\u00fcr den Chardonnay. Cremig, gehaltvoll und f\u00fcllig, feine Frucht mit zartem Vanille-Ton<\/p>\n<p><strong>Analysedaten:<\/strong><\/p>\n<p>Restzucker: 0,4 g\/l<br \/>\nS\u00e4ure: 5,9 g\/l<br \/>\nAlk: 13,50% vol<br \/>\nTrinktemperatur: 12\u00b0 C<br \/>\nFlascheninhalt: 750 ml<\/p>\n","protected":false},"excerpt":{"rendered":"<p>Herkunft:\u00a0Deutschland, Rheinhessen Lage: Dalsheimer B\u00fcrgel Ausbau: Barrique-Fass Weinbeschreibung: F\u00fcr Liebhaber gehaltvoller zarter Weine. Ein feines Geschmackserlebnis f\u00fcr jeden Fan von Barrique-Fass ausgebauten Burgundern. Der Duft von Melonen, exotischen Fr\u00fcchten, \u00fcberreifen Stachelbeeren oder auch nicht ganz reifen \u00c4pfeln ist typisch f\u00fcr den Chardonnay. Cremig, gehaltvoll und f\u00fcllig, feine Frucht mit zartem Vanille-Ton Analysedaten: Restzucker: 0,4 g\/l [&hellip;]<\/p>\n","protected":false},"featured_media":570,"template":"","meta":{"_acf_changed":false},"product_brand":[],"product_cat":[97],"product_tag":[139],"class_list":{"0":"post-1045","1":"product","2":"type-product","3":"status-publish","4":"has-post-thumbnail","6":"product_cat-white-wines","7":"product_tag-chardonnay-barrique-en","9":"first","10":"outofstock","11":"taxable","12":"shipping-taxable","13":"purchasable","14":"product-type-simple"},"acf":[],"yoast_head":"<!-- This site is optimized with the Yoast SEO plugin v27.4 - https:\/\/yoast.com\/product\/yoast-seo-wordpress\/ -->\n<title>Bacher Weine Chardonnay Barrique<\/title>\n<meta name=\"description\" content=\"Ein feines Geschmackserlebnis f\u00fcr jeden Fan von Barrique-Fass ausgebauten Burgundern. Ein Chardonnay, der seines Gleichen sucht.\" \/>\n<meta name=\"robots\" content=\"index, follow, max-snippet:-1, max-image-preview:large, max-video-preview:-1\" \/>\n<link rel=\"canonical\" href=\"https:\/\/www.bacher-weine.de\/en\/product\/chardonnay-barrique\/\" \/>\n<meta property=\"og:locale\" content=\"en_US\" \/>\n<meta property=\"og:type\" content=\"article\" \/>\n<meta property=\"og:title\" content=\"Bacher Weine Chardonnay Barrique\" \/>\n<meta property=\"og:description\" content=\"Ein feines Geschmackserlebnis f\u00fcr jeden Fan von Barrique-Fass ausgebauten Burgundern. Ein Chardonnay, der seines Gleichen sucht.\" \/>\n<meta property=\"og:url\" content=\"https:\/\/www.bacher-weine.de\/en\/product\/chardonnay-barrique\/\" \/>\n<meta property=\"og:site_name\" content=\"Bacher Weine\" \/>\n<meta property=\"article:modified_time\" content=\"2024-04-18T21:57:35+00:00\" \/>\n<meta property=\"og:image\" content=\"https:\/\/www.bacher-weine.de\/wp-content\/uploads\/2023\/06\/Bacher-Weine-Chardonnay-Barrique.png\" \/>\n\t<meta property=\"og:image:width\" content=\"1331\" \/>\n\t<meta property=\"og:image:height\" content=\"2000\" \/>\n\t<meta property=\"og:image:type\" content=\"image\/png\" \/>\n<meta name=\"twitter:card\" content=\"summary_large_image\" \/>\n<meta name=\"twitter:label1\" content=\"Est. reading time\" \/>\n\t<meta name=\"twitter:data1\" content=\"1 minute\" \/>\n<script type=\"application\/ld+json\" class=\"yoast-schema-graph\">{\"@context\":\"https:\\\/\\\/schema.org\",\"@graph\":[{\"@type\":\"WebPage\",\"@id\":\"https:\\\/\\\/www.bacher-weine.de\\\/en\\\/product\\\/chardonnay-barrique\\\/\",\"url\":\"https:\\\/\\\/www.bacher-weine.de\\\/en\\\/product\\\/chardonnay-barrique\\\/\",\"name\":\"Bacher Weine Chardonnay Barrique\",\"isPartOf\":{\"@id\":\"https:\\\/\\\/www.bacher-weine.de\\\/en\\\/#website\"},\"primaryImageOfPage\":{\"@id\":\"https:\\\/\\\/www.bacher-weine.de\\\/en\\\/product\\\/chardonnay-barrique\\\/#primaryimage\"},\"image\":{\"@id\":\"https:\\\/\\\/www.bacher-weine.de\\\/en\\\/product\\\/chardonnay-barrique\\\/#primaryimage\"},\"thumbnailUrl\":\"https:\\\/\\\/www.bacher-weine.de\\\/wp-content\\\/uploads\\\/2023\\\/06\\\/Bacher-Weine-Chardonnay-Barrique.png\",\"datePublished\":\"2023-06-01T10:07:07+00:00\",\"dateModified\":\"2024-04-18T21:57:35+00:00\",\"description\":\"Ein feines Geschmackserlebnis f\u00fcr jeden Fan von Barrique-Fass ausgebauten Burgundern. Ein Chardonnay, der seines Gleichen sucht.\",\"breadcrumb\":{\"@id\":\"https:\\\/\\\/www.bacher-weine.de\\\/en\\\/product\\\/chardonnay-barrique\\\/#breadcrumb\"},\"inLanguage\":\"en-US\",\"potentialAction\":[{\"@type\":\"ReadAction\",\"target\":[\"https:\\\/\\\/www.bacher-weine.de\\\/en\\\/product\\\/chardonnay-barrique\\\/\"]}]},{\"@type\":\"ImageObject\",\"inLanguage\":\"en-US\",\"@id\":\"https:\\\/\\\/www.bacher-weine.de\\\/en\\\/product\\\/chardonnay-barrique\\\/#primaryimage\",\"url\":\"https:\\\/\\\/www.bacher-weine.de\\\/wp-content\\\/uploads\\\/2023\\\/06\\\/Bacher-Weine-Chardonnay-Barrique.png\",\"contentUrl\":\"https:\\\/\\\/www.bacher-weine.de\\\/wp-content\\\/uploads\\\/2023\\\/06\\\/Bacher-Weine-Chardonnay-Barrique.png\",\"width\":1331,\"height\":2000},{\"@type\":\"BreadcrumbList\",\"@id\":\"https:\\\/\\\/www.bacher-weine.de\\\/en\\\/product\\\/chardonnay-barrique\\\/#breadcrumb\",\"itemListElement\":[{\"@type\":\"ListItem\",\"position\":1,\"name\":\"Home\",\"item\":\"https:\\\/\\\/www.bacher-weine.de\\\/en\\\/\"},{\"@type\":\"ListItem\",\"position\":2,\"name\":\"Shop\",\"item\":\"https:\\\/\\\/www.bacher-weine.de\\\/shop\\\/\"},{\"@type\":\"ListItem\",\"position\":3,\"name\":\"Chardonnay Barrique\"}]},{\"@type\":\"WebSite\",\"@id\":\"https:\\\/\\\/www.bacher-weine.de\\\/en\\\/#website\",\"url\":\"https:\\\/\\\/www.bacher-weine.de\\\/en\\\/\",\"name\":\"Bacher Weine\",\"description\":\"\",\"publisher\":{\"@id\":\"https:\\\/\\\/www.bacher-weine.de\\\/en\\\/#organization\"},\"potentialAction\":[{\"@type\":\"SearchAction\",\"target\":{\"@type\":\"EntryPoint\",\"urlTemplate\":\"https:\\\/\\\/www.bacher-weine.de\\\/en\\\/?s={search_term_string}\"},\"query-input\":{\"@type\":\"PropertyValueSpecification\",\"valueRequired\":true,\"valueName\":\"search_term_string\"}}],\"inLanguage\":\"en-US\"},{\"@type\":\"Organization\",\"@id\":\"https:\\\/\\\/www.bacher-weine.de\\\/en\\\/#organization\",\"name\":\"Bacher Weine\",\"url\":\"https:\\\/\\\/www.bacher-weine.de\\\/en\\\/\",\"logo\":{\"@type\":\"ImageObject\",\"inLanguage\":\"en-US\",\"@id\":\"https:\\\/\\\/www.bacher-weine.de\\\/en\\\/#\\\/schema\\\/logo\\\/image\\\/\",\"url\":\"https:\\\/\\\/www.bacher-weine.de\\\/wp-content\\\/uploads\\\/2023\\\/05\\\/logo.svg\",\"contentUrl\":\"https:\\\/\\\/www.bacher-weine.de\\\/wp-content\\\/uploads\\\/2023\\\/05\\\/logo.svg\",\"caption\":\"Bacher Weine\"},\"image\":{\"@id\":\"https:\\\/\\\/www.bacher-weine.de\\\/en\\\/#\\\/schema\\\/logo\\\/image\\\/\"}}]}<\/script>\n<!-- \/ Yoast SEO plugin. -->","yoast_head_json":{"title":"Bacher Weine Chardonnay Barrique","description":"Ein feines Geschmackserlebnis f\u00fcr jeden Fan von Barrique-Fass ausgebauten Burgundern. Ein Chardonnay, der seines Gleichen sucht.","robots":{"index":"index","follow":"follow","max-snippet":"max-snippet:-1","max-image-preview":"max-image-preview:large","max-video-preview":"max-video-preview:-1"},"canonical":"https:\/\/www.bacher-weine.de\/en\/product\/chardonnay-barrique\/","og_locale":"en_US","og_type":"article","og_title":"Bacher Weine Chardonnay Barrique","og_description":"Ein feines Geschmackserlebnis f\u00fcr jeden Fan von Barrique-Fass ausgebauten Burgundern. Ein Chardonnay, der seines Gleichen sucht.","og_url":"https:\/\/www.bacher-weine.de\/en\/product\/chardonnay-barrique\/","og_site_name":"Bacher Weine","article_modified_time":"2024-04-18T21:57:35+00:00","og_image":[{"width":1331,"height":2000,"url":"https:\/\/www.bacher-weine.de\/wp-content\/uploads\/2023\/06\/Bacher-Weine-Chardonnay-Barrique.png","type":"image\/png"}],"twitter_card":"summary_large_image","twitter_misc":{"Est. reading time":"1 minute"},"schema":{"@context":"https:\/\/schema.org","@graph":[{"@type":"WebPage","@id":"https:\/\/www.bacher-weine.de\/en\/product\/chardonnay-barrique\/","url":"https:\/\/www.bacher-weine.de\/en\/product\/chardonnay-barrique\/","name":"Bacher Weine Chardonnay Barrique","isPartOf":{"@id":"https:\/\/www.bacher-weine.de\/en\/#website"},"primaryImageOfPage":{"@id":"https:\/\/www.bacher-weine.de\/en\/product\/chardonnay-barrique\/#primaryimage"},"image":{"@id":"https:\/\/www.bacher-weine.de\/en\/product\/chardonnay-barrique\/#primaryimage"},"thumbnailUrl":"https:\/\/www.bacher-weine.de\/wp-content\/uploads\/2023\/06\/Bacher-Weine-Chardonnay-Barrique.png","datePublished":"2023-06-01T10:07:07+00:00","dateModified":"2024-04-18T21:57:35+00:00","description":"Ein feines Geschmackserlebnis f\u00fcr jeden Fan von Barrique-Fass ausgebauten Burgundern. Ein Chardonnay, der seines Gleichen sucht.","breadcrumb":{"@id":"https:\/\/www.bacher-weine.de\/en\/product\/chardonnay-barrique\/#breadcrumb"},"inLanguage":"en-US","potentialAction":[{"@type":"ReadAction","target":["https:\/\/www.bacher-weine.de\/en\/product\/chardonnay-barrique\/"]}]},{"@type":"ImageObject","inLanguage":"en-US","@id":"https:\/\/www.bacher-weine.de\/en\/product\/chardonnay-barrique\/#primaryimage","url":"https:\/\/www.bacher-weine.de\/wp-content\/uploads\/2023\/06\/Bacher-Weine-Chardonnay-Barrique.png","contentUrl":"https:\/\/www.bacher-weine.de\/wp-content\/uploads\/2023\/06\/Bacher-Weine-Chardonnay-Barrique.png","width":1331,"height":2000},{"@type":"BreadcrumbList","@id":"https:\/\/www.bacher-weine.de\/en\/product\/chardonnay-barrique\/#breadcrumb","itemListElement":[{"@type":"ListItem","position":1,"name":"Home","item":"https:\/\/www.bacher-weine.de\/en\/"},{"@type":"ListItem","position":2,"name":"Shop","item":"https:\/\/www.bacher-weine.de\/shop\/"},{"@type":"ListItem","position":3,"name":"Chardonnay Barrique"}]},{"@type":"WebSite","@id":"https:\/\/www.bacher-weine.de\/en\/#website","url":"https:\/\/www.bacher-weine.de\/en\/","name":"Bacher Weine","description":"","publisher":{"@id":"https:\/\/www.bacher-weine.de\/en\/#organization"},"potentialAction":[{"@type":"SearchAction","target":{"@type":"EntryPoint","urlTemplate":"https:\/\/www.bacher-weine.de\/en\/?s={search_term_string}"},"query-input":{"@type":"PropertyValueSpecification","valueRequired":true,"valueName":"search_term_string"}}],"inLanguage":"en-US"},{"@type":"Organization","@id":"https:\/\/www.bacher-weine.de\/en\/#organization","name":"Bacher Weine","url":"https:\/\/www.bacher-weine.de\/en\/","logo":{"@type":"ImageObject","inLanguage":"en-US","@id":"https:\/\/www.bacher-weine.de\/en\/#\/schema\/logo\/image\/","url":"https:\/\/www.bacher-weine.de\/wp-content\/uploads\/2023\/05\/logo.svg","contentUrl":"https:\/\/www.bacher-weine.de\/wp-content\/uploads\/2023\/05\/logo.svg","caption":"Bacher Weine"},"image":{"@id":"https:\/\/www.bacher-weine.de\/en\/#\/schema\/logo\/image\/"}}]}},"_links":{"self":[{"href":"https:\/\/www.bacher-weine.de\/en\/wp-json\/wp\/v2\/product\/1045","targetHints":{"allow":["GET"]}}],"collection":[{"href":"https:\/\/www.bacher-weine.de\/en\/wp-json\/wp\/v2\/product"}],"about":[{"href":"https:\/\/www.bacher-weine.de\/en\/wp-json\/wp\/v2\/types\/product"}],"wp:featuredmedia":[{"embeddable":true,"href":"https:\/\/www.bacher-weine.de\/en\/wp-json\/wp\/v2\/media\/570"}],"wp:attachment":[{"href":"https:\/\/www.bacher-weine.de\/en\/wp-json\/wp\/v2\/media?parent=1045"}],"wp:term":[{"taxonomy":"product_brand","embeddable":true,"href":"https:\/\/www.bacher-weine.de\/en\/wp-json\/wp\/v2\/product_brand?post=1045"},{"taxonomy":"product_cat","embeddable":true,"href":"https:\/\/www.bacher-weine.de\/en\/wp-json\/wp\/v2\/product_cat?post=1045"},{"taxonomy":"product_tag","embeddable":true,"href":"https:\/\/www.bacher-weine.de\/en\/wp-json\/wp\/v2\/product_tag?post=1045"}],"curies":[{"name":"wp","href":"https:\/\/api.w.org\/{rel}","templated":true}]}}