{"id":1033,"date":"2023-05-30T14:45:41","date_gmt":"2023-05-30T14:45:41","guid":{"rendered":"https:\/\/www.bacher-weine.de\/product\/cuvee-frederic\/"},"modified":"2023-05-30T14:45:41","modified_gmt":"2023-05-30T14:45:41","slug":"cuvee-frederic","status":"publish","type":"product","link":"https:\/\/www.bacher-weine.de\/en\/product\/cuvee-frederic\/","title":{"rendered":"Cuv\u00e9e Fr\u00e9d\u00e9ric"},"content":{"rendered":"<p><strong>Herkunft:<\/strong> Deutschland, Rheinhessen<\/p>\n<p><strong>Lage:<\/strong> Herrnsheimer Schloss<\/p>\n<p><strong>Ausbau:<\/strong> Barrique-Fass<\/p>\n<p><strong>Weinbeschreibung:<\/strong> Dieses Rotweincuv\u00e9e besteht zu 60% aus Merlot, zu 30% aus Cabernet Sauvignon und zu 10% aus Sp\u00e4tburgunder. Er \u00fcberzeugt mit Aromen von dunklen Kirschen und einer frischen Beerenmischung dazu ein Hauch von dunkler Schokolade.<\/p>\n<p><strong>Analysedaten:<\/strong><\/p>\n<p>Restzucker: 1,9 g\/l<br \/>\nS\u00e4ure: 6,4 g\/l<br \/>\nAlkohol: 13,5 % vol.<br \/>\nTrinktemperatur: 16\u00b0 &#8211; 18\u00b0 C<br \/>\nFlascheninhalt: 750 ml<\/p>\n","protected":false},"excerpt":{"rendered":"<p>Herkunft: Deutschland, Rheinhessen Lage: Herrnsheimer Schloss Ausbau: Barrique-Fass Weinbeschreibung: Dieses Rotweincuv\u00e9e besteht zu 60% aus Merlot, zu 30% aus Cabernet Sauvignon und zu 10% aus Sp\u00e4tburgunder. Er \u00fcberzeugt mit Aromen von dunklen Kirschen und einer frischen Beerenmischung dazu ein Hauch von dunkler Schokolade. Analysedaten: Restzucker: 1,9 g\/l S\u00e4ure: 6,4 g\/l Alkohol: 13,5 % vol. Trinktemperatur: [&hellip;]<\/p>\n","protected":false},"featured_media":307,"template":"","meta":{"_acf_changed":false},"product_brand":[],"product_cat":[93],"product_tag":[123],"class_list":{"0":"post-1033","1":"product","2":"type-product","3":"status-publish","4":"has-post-thumbnail","6":"product_cat-red-wine","7":"product_tag-cuvee-frederic-en","9":"first","10":"instock","11":"taxable","12":"shipping-taxable","13":"purchasable","14":"product-type-simple"},"acf":[],"yoast_head":"<!-- This site is optimized with the Yoast SEO plugin v27.4 - https:\/\/yoast.com\/product\/yoast-seo-wordpress\/ -->\n<title>Cuv\u00e9e Fr\u00e9d\u00e9ric - Bacher Weine<\/title>\n<meta name=\"robots\" content=\"index, follow, max-snippet:-1, max-image-preview:large, max-video-preview:-1\" \/>\n<link rel=\"canonical\" href=\"https:\/\/www.bacher-weine.de\/en\/product\/cuvee-frederic\/\" \/>\n<meta property=\"og:locale\" content=\"en_US\" \/>\n<meta property=\"og:type\" content=\"article\" \/>\n<meta property=\"og:title\" content=\"Cuv\u00e9e Fr\u00e9d\u00e9ric - Bacher Weine\" \/>\n<meta property=\"og:description\" content=\"Herkunft: Deutschland, Rheinhessen Lage: Herrnsheimer Schloss Ausbau: Barrique-Fass Weinbeschreibung: Dieses Rotweincuv\u00e9e besteht zu 60% aus Merlot, zu 30% aus Cabernet Sauvignon und zu 10% aus Sp\u00e4tburgunder. Er \u00fcberzeugt mit Aromen von dunklen Kirschen und einer frischen Beerenmischung dazu ein Hauch von dunkler Schokolade. Analysedaten: Restzucker: 1,9 g\/l S\u00e4ure: 6,4 g\/l Alkohol: 13,5 % vol. Trinktemperatur: [&hellip;]\" \/>\n<meta property=\"og:url\" content=\"https:\/\/www.bacher-weine.de\/en\/product\/cuvee-frederic\/\" \/>\n<meta property=\"og:site_name\" content=\"Bacher Weine\" \/>\n<meta name=\"twitter:card\" content=\"summary_large_image\" \/>\n<script type=\"application\/ld+json\" class=\"yoast-schema-graph\">{\"@context\":\"https:\\\/\\\/schema.org\",\"@graph\":[{\"@type\":\"WebPage\",\"@id\":\"https:\\\/\\\/www.bacher-weine.de\\\/en\\\/product\\\/cuvee-frederic\\\/\",\"url\":\"https:\\\/\\\/www.bacher-weine.de\\\/en\\\/product\\\/cuvee-frederic\\\/\",\"name\":\"Cuv\u00e9e Fr\u00e9d\u00e9ric - Bacher Weine\",\"isPartOf\":{\"@id\":\"https:\\\/\\\/www.bacher-weine.de\\\/en\\\/#website\"},\"primaryImageOfPage\":{\"@id\":\"https:\\\/\\\/www.bacher-weine.de\\\/en\\\/product\\\/cuvee-frederic\\\/#primaryimage\"},\"image\":{\"@id\":\"https:\\\/\\\/www.bacher-weine.de\\\/en\\\/product\\\/cuvee-frederic\\\/#primaryimage\"},\"thumbnailUrl\":\"https:\\\/\\\/www.bacher-weine.de\\\/wp-content\\\/uploads\\\/2023\\\/05\\\/Bacher-Weine-Cuvee-Frederic-1.png\",\"datePublished\":\"2023-05-30T14:45:41+00:00\",\"breadcrumb\":{\"@id\":\"https:\\\/\\\/www.bacher-weine.de\\\/en\\\/product\\\/cuvee-frederic\\\/#breadcrumb\"},\"inLanguage\":\"en-US\",\"potentialAction\":[{\"@type\":\"ReadAction\",\"target\":[\"https:\\\/\\\/www.bacher-weine.de\\\/en\\\/product\\\/cuvee-frederic\\\/\"]}]},{\"@type\":\"ImageObject\",\"inLanguage\":\"en-US\",\"@id\":\"https:\\\/\\\/www.bacher-weine.de\\\/en\\\/product\\\/cuvee-frederic\\\/#primaryimage\",\"url\":\"https:\\\/\\\/www.bacher-weine.de\\\/wp-content\\\/uploads\\\/2023\\\/05\\\/Bacher-Weine-Cuvee-Frederic-1.png\",\"contentUrl\":\"https:\\\/\\\/www.bacher-weine.de\\\/wp-content\\\/uploads\\\/2023\\\/05\\\/Bacher-Weine-Cuvee-Frederic-1.png\",\"width\":1331,\"height\":2000},{\"@type\":\"BreadcrumbList\",\"@id\":\"https:\\\/\\\/www.bacher-weine.de\\\/en\\\/product\\\/cuvee-frederic\\\/#breadcrumb\",\"itemListElement\":[{\"@type\":\"ListItem\",\"position\":1,\"name\":\"Home\",\"item\":\"https:\\\/\\\/www.bacher-weine.de\\\/en\\\/\"},{\"@type\":\"ListItem\",\"position\":2,\"name\":\"Shop\",\"item\":\"https:\\\/\\\/www.bacher-weine.de\\\/shop\\\/\"},{\"@type\":\"ListItem\",\"position\":3,\"name\":\"Cuv\u00e9e Fr\u00e9d\u00e9ric\"}]},{\"@type\":\"WebSite\",\"@id\":\"https:\\\/\\\/www.bacher-weine.de\\\/en\\\/#website\",\"url\":\"https:\\\/\\\/www.bacher-weine.de\\\/en\\\/\",\"name\":\"Bacher Weine\",\"description\":\"\",\"publisher\":{\"@id\":\"https:\\\/\\\/www.bacher-weine.de\\\/en\\\/#organization\"},\"potentialAction\":[{\"@type\":\"SearchAction\",\"target\":{\"@type\":\"EntryPoint\",\"urlTemplate\":\"https:\\\/\\\/www.bacher-weine.de\\\/en\\\/?s={search_term_string}\"},\"query-input\":{\"@type\":\"PropertyValueSpecification\",\"valueRequired\":true,\"valueName\":\"search_term_string\"}}],\"inLanguage\":\"en-US\"},{\"@type\":\"Organization\",\"@id\":\"https:\\\/\\\/www.bacher-weine.de\\\/en\\\/#organization\",\"name\":\"Bacher Weine\",\"url\":\"https:\\\/\\\/www.bacher-weine.de\\\/en\\\/\",\"logo\":{\"@type\":\"ImageObject\",\"inLanguage\":\"en-US\",\"@id\":\"https:\\\/\\\/www.bacher-weine.de\\\/en\\\/#\\\/schema\\\/logo\\\/image\\\/\",\"url\":\"https:\\\/\\\/www.bacher-weine.de\\\/wp-content\\\/uploads\\\/2023\\\/05\\\/logo.svg\",\"contentUrl\":\"https:\\\/\\\/www.bacher-weine.de\\\/wp-content\\\/uploads\\\/2023\\\/05\\\/logo.svg\",\"caption\":\"Bacher Weine\"},\"image\":{\"@id\":\"https:\\\/\\\/www.bacher-weine.de\\\/en\\\/#\\\/schema\\\/logo\\\/image\\\/\"}}]}<\/script>\n<!-- \/ Yoast SEO plugin. -->","yoast_head_json":{"title":"Cuv\u00e9e Fr\u00e9d\u00e9ric - Bacher Weine","robots":{"index":"index","follow":"follow","max-snippet":"max-snippet:-1","max-image-preview":"max-image-preview:large","max-video-preview":"max-video-preview:-1"},"canonical":"https:\/\/www.bacher-weine.de\/en\/product\/cuvee-frederic\/","og_locale":"en_US","og_type":"article","og_title":"Cuv\u00e9e Fr\u00e9d\u00e9ric - Bacher Weine","og_description":"Herkunft: Deutschland, Rheinhessen Lage: Herrnsheimer Schloss Ausbau: Barrique-Fass Weinbeschreibung: Dieses Rotweincuv\u00e9e besteht zu 60% aus Merlot, zu 30% aus Cabernet Sauvignon und zu 10% aus Sp\u00e4tburgunder. Er \u00fcberzeugt mit Aromen von dunklen Kirschen und einer frischen Beerenmischung dazu ein Hauch von dunkler Schokolade. Analysedaten: Restzucker: 1,9 g\/l S\u00e4ure: 6,4 g\/l Alkohol: 13,5 % vol. Trinktemperatur: [&hellip;]","og_url":"https:\/\/www.bacher-weine.de\/en\/product\/cuvee-frederic\/","og_site_name":"Bacher Weine","twitter_card":"summary_large_image","schema":{"@context":"https:\/\/schema.org","@graph":[{"@type":"WebPage","@id":"https:\/\/www.bacher-weine.de\/en\/product\/cuvee-frederic\/","url":"https:\/\/www.bacher-weine.de\/en\/product\/cuvee-frederic\/","name":"Cuv\u00e9e Fr\u00e9d\u00e9ric - Bacher Weine","isPartOf":{"@id":"https:\/\/www.bacher-weine.de\/en\/#website"},"primaryImageOfPage":{"@id":"https:\/\/www.bacher-weine.de\/en\/product\/cuvee-frederic\/#primaryimage"},"image":{"@id":"https:\/\/www.bacher-weine.de\/en\/product\/cuvee-frederic\/#primaryimage"},"thumbnailUrl":"https:\/\/www.bacher-weine.de\/wp-content\/uploads\/2023\/05\/Bacher-Weine-Cuvee-Frederic-1.png","datePublished":"2023-05-30T14:45:41+00:00","breadcrumb":{"@id":"https:\/\/www.bacher-weine.de\/en\/product\/cuvee-frederic\/#breadcrumb"},"inLanguage":"en-US","potentialAction":[{"@type":"ReadAction","target":["https:\/\/www.bacher-weine.de\/en\/product\/cuvee-frederic\/"]}]},{"@type":"ImageObject","inLanguage":"en-US","@id":"https:\/\/www.bacher-weine.de\/en\/product\/cuvee-frederic\/#primaryimage","url":"https:\/\/www.bacher-weine.de\/wp-content\/uploads\/2023\/05\/Bacher-Weine-Cuvee-Frederic-1.png","contentUrl":"https:\/\/www.bacher-weine.de\/wp-content\/uploads\/2023\/05\/Bacher-Weine-Cuvee-Frederic-1.png","width":1331,"height":2000},{"@type":"BreadcrumbList","@id":"https:\/\/www.bacher-weine.de\/en\/product\/cuvee-frederic\/#breadcrumb","itemListElement":[{"@type":"ListItem","position":1,"name":"Home","item":"https:\/\/www.bacher-weine.de\/en\/"},{"@type":"ListItem","position":2,"name":"Shop","item":"https:\/\/www.bacher-weine.de\/shop\/"},{"@type":"ListItem","position":3,"name":"Cuv\u00e9e Fr\u00e9d\u00e9ric"}]},{"@type":"WebSite","@id":"https:\/\/www.bacher-weine.de\/en\/#website","url":"https:\/\/www.bacher-weine.de\/en\/","name":"Bacher Weine","description":"","publisher":{"@id":"https:\/\/www.bacher-weine.de\/en\/#organization"},"potentialAction":[{"@type":"SearchAction","target":{"@type":"EntryPoint","urlTemplate":"https:\/\/www.bacher-weine.de\/en\/?s={search_term_string}"},"query-input":{"@type":"PropertyValueSpecification","valueRequired":true,"valueName":"search_term_string"}}],"inLanguage":"en-US"},{"@type":"Organization","@id":"https:\/\/www.bacher-weine.de\/en\/#organization","name":"Bacher Weine","url":"https:\/\/www.bacher-weine.de\/en\/","logo":{"@type":"ImageObject","inLanguage":"en-US","@id":"https:\/\/www.bacher-weine.de\/en\/#\/schema\/logo\/image\/","url":"https:\/\/www.bacher-weine.de\/wp-content\/uploads\/2023\/05\/logo.svg","contentUrl":"https:\/\/www.bacher-weine.de\/wp-content\/uploads\/2023\/05\/logo.svg","caption":"Bacher Weine"},"image":{"@id":"https:\/\/www.bacher-weine.de\/en\/#\/schema\/logo\/image\/"}}]}},"_links":{"self":[{"href":"https:\/\/www.bacher-weine.de\/en\/wp-json\/wp\/v2\/product\/1033","targetHints":{"allow":["GET"]}}],"collection":[{"href":"https:\/\/www.bacher-weine.de\/en\/wp-json\/wp\/v2\/product"}],"about":[{"href":"https:\/\/www.bacher-weine.de\/en\/wp-json\/wp\/v2\/types\/product"}],"wp:featuredmedia":[{"embeddable":true,"href":"https:\/\/www.bacher-weine.de\/en\/wp-json\/wp\/v2\/media\/307"}],"wp:attachment":[{"href":"https:\/\/www.bacher-weine.de\/en\/wp-json\/wp\/v2\/media?parent=1033"}],"wp:term":[{"taxonomy":"product_brand","embeddable":true,"href":"https:\/\/www.bacher-weine.de\/en\/wp-json\/wp\/v2\/product_brand?post=1033"},{"taxonomy":"product_cat","embeddable":true,"href":"https:\/\/www.bacher-weine.de\/en\/wp-json\/wp\/v2\/product_cat?post=1033"},{"taxonomy":"product_tag","embeddable":true,"href":"https:\/\/www.bacher-weine.de\/en\/wp-json\/wp\/v2\/product_tag?post=1033"}],"curies":[{"name":"wp","href":"https:\/\/api.w.org\/{rel}","templated":true}]}}