{"id":1025,"date":"2023-05-30T14:10:14","date_gmt":"2023-05-30T14:10:14","guid":{"rendered":"https:\/\/www.bacher-weine.de\/product\/strand-pauli-cuvee-rose\/"},"modified":"2023-05-30T14:10:14","modified_gmt":"2023-05-30T14:10:14","slug":"strand-pauli-cuvee-rose","status":"publish","type":"product","link":"https:\/\/www.bacher-weine.de\/en\/product\/strand-pauli-cuvee-rose\/","title":{"rendered":"StrandPauli Cuv\u00e9e Ros\u00e9"},"content":{"rendered":"<p><strong>Herkunft:<\/strong>\u00a0Deutschland, Rheinhessen<\/p>\n<p><strong>Lage:<\/strong>\u00a0Herrnsheimer Schloss<\/p>\n<p><strong>Ausbau:<\/strong>\u00a0Edelstahltank<\/p>\n<p><strong>Weinbeschreibung:\u00a0<\/strong>Ros\u00e9 Cuv\u00e9e aus den Rebsorten: Sp\u00e4tburgunder (70%) Cabernet Sauvignon (30 %). Ein frischer, fruchtbetonter Ros\u00e9, der mit seiner Finesse rundum \u00fcberzeugt. Es erwartet Sie rote Johannesbeeren, Erdbeeren, Himbeeren, Pflaumen dominieren in der Nase. Das Ganze mit einer dezenten W\u00fcrze.<\/p>\n<p><strong>Analysedaten:<\/strong><\/p>\n<p>Restzucker: 6,5 g\/l<br \/>\nS\u00e4ure: 6,1 g\/l<br \/>\nAlkohol: 12,0% vol.<br \/>\nTrinktemperatur: 8\u00b0 &#8211; 10\u00b0 C<br \/>\nFlascheninhalt: 750 ml<\/p>\n","protected":false},"excerpt":{"rendered":"<p>Herkunft:\u00a0Deutschland, Rheinhessen Lage:\u00a0Herrnsheimer Schloss Ausbau:\u00a0Edelstahltank Weinbeschreibung:\u00a0Ros\u00e9 Cuv\u00e9e aus den Rebsorten: Sp\u00e4tburgunder (70%) Cabernet Sauvignon (30 %). Ein frischer, fruchtbetonter Ros\u00e9, der mit seiner Finesse rundum \u00fcberzeugt. Es erwartet Sie rote Johannesbeeren, Erdbeeren, Himbeeren, Pflaumen dominieren in der Nase. Das Ganze mit einer dezenten W\u00fcrze. Analysedaten: Restzucker: 6,5 g\/l S\u00e4ure: 6,1 g\/l Alkohol: 12,0% vol. Trinktemperatur: [&hellip;]<\/p>\n","protected":false},"featured_media":313,"template":"","meta":{"_acf_changed":false},"product_brand":[],"product_cat":[98],"product_tag":[115],"class_list":{"0":"post-1025","1":"product","2":"type-product","3":"status-publish","4":"has-post-thumbnail","6":"product_cat-strandpauli-en","7":"product_tag-cuvee-rose-en","9":"first","10":"instock","11":"taxable","12":"shipping-taxable","13":"purchasable","14":"product-type-simple"},"acf":[],"yoast_head":"<!-- This site is optimized with the Yoast SEO plugin v27.4 - https:\/\/yoast.com\/product\/yoast-seo-wordpress\/ -->\n<title>StrandPauli Cuv\u00e9e Ros\u00e9 - Bacher Weine<\/title>\n<meta name=\"robots\" content=\"index, follow, max-snippet:-1, max-image-preview:large, max-video-preview:-1\" \/>\n<link rel=\"canonical\" href=\"https:\/\/www.bacher-weine.de\/en\/product\/strand-pauli-cuvee-rose\/\" \/>\n<meta property=\"og:locale\" content=\"en_US\" \/>\n<meta property=\"og:type\" content=\"article\" \/>\n<meta property=\"og:title\" content=\"StrandPauli Cuv\u00e9e Ros\u00e9 - Bacher Weine\" \/>\n<meta property=\"og:description\" content=\"Herkunft:\u00a0Deutschland, Rheinhessen Lage:\u00a0Herrnsheimer Schloss Ausbau:\u00a0Edelstahltank Weinbeschreibung:\u00a0Ros\u00e9 Cuv\u00e9e aus den Rebsorten: Sp\u00e4tburgunder (70%) Cabernet Sauvignon (30 %). Ein frischer, fruchtbetonter Ros\u00e9, der mit seiner Finesse rundum \u00fcberzeugt. Es erwartet Sie rote Johannesbeeren, Erdbeeren, Himbeeren, Pflaumen dominieren in der Nase. Das Ganze mit einer dezenten W\u00fcrze. Analysedaten: Restzucker: 6,5 g\/l S\u00e4ure: 6,1 g\/l Alkohol: 12,0% vol. Trinktemperatur: [&hellip;]\" \/>\n<meta property=\"og:url\" content=\"https:\/\/www.bacher-weine.de\/en\/product\/strand-pauli-cuvee-rose\/\" \/>\n<meta property=\"og:site_name\" content=\"Bacher Weine\" \/>\n<meta name=\"twitter:card\" content=\"summary_large_image\" \/>\n<script type=\"application\/ld+json\" class=\"yoast-schema-graph\">{\"@context\":\"https:\\\/\\\/schema.org\",\"@graph\":[{\"@type\":\"WebPage\",\"@id\":\"https:\\\/\\\/www.bacher-weine.de\\\/en\\\/product\\\/strand-pauli-cuvee-rose\\\/\",\"url\":\"https:\\\/\\\/www.bacher-weine.de\\\/en\\\/product\\\/strand-pauli-cuvee-rose\\\/\",\"name\":\"StrandPauli Cuv\u00e9e Ros\u00e9 - Bacher Weine\",\"isPartOf\":{\"@id\":\"https:\\\/\\\/www.bacher-weine.de\\\/en\\\/#website\"},\"primaryImageOfPage\":{\"@id\":\"https:\\\/\\\/www.bacher-weine.de\\\/en\\\/product\\\/strand-pauli-cuvee-rose\\\/#primaryimage\"},\"image\":{\"@id\":\"https:\\\/\\\/www.bacher-weine.de\\\/en\\\/product\\\/strand-pauli-cuvee-rose\\\/#primaryimage\"},\"thumbnailUrl\":\"https:\\\/\\\/www.bacher-weine.de\\\/wp-content\\\/uploads\\\/2023\\\/05\\\/Strand-Pauli-Cuvee-Rose-1.png\",\"datePublished\":\"2023-05-30T14:10:14+00:00\",\"breadcrumb\":{\"@id\":\"https:\\\/\\\/www.bacher-weine.de\\\/en\\\/product\\\/strand-pauli-cuvee-rose\\\/#breadcrumb\"},\"inLanguage\":\"en-US\",\"potentialAction\":[{\"@type\":\"ReadAction\",\"target\":[\"https:\\\/\\\/www.bacher-weine.de\\\/en\\\/product\\\/strand-pauli-cuvee-rose\\\/\"]}]},{\"@type\":\"ImageObject\",\"inLanguage\":\"en-US\",\"@id\":\"https:\\\/\\\/www.bacher-weine.de\\\/en\\\/product\\\/strand-pauli-cuvee-rose\\\/#primaryimage\",\"url\":\"https:\\\/\\\/www.bacher-weine.de\\\/wp-content\\\/uploads\\\/2023\\\/05\\\/Strand-Pauli-Cuvee-Rose-1.png\",\"contentUrl\":\"https:\\\/\\\/www.bacher-weine.de\\\/wp-content\\\/uploads\\\/2023\\\/05\\\/Strand-Pauli-Cuvee-Rose-1.png\",\"width\":1331,\"height\":2000},{\"@type\":\"BreadcrumbList\",\"@id\":\"https:\\\/\\\/www.bacher-weine.de\\\/en\\\/product\\\/strand-pauli-cuvee-rose\\\/#breadcrumb\",\"itemListElement\":[{\"@type\":\"ListItem\",\"position\":1,\"name\":\"Home\",\"item\":\"https:\\\/\\\/www.bacher-weine.de\\\/en\\\/\"},{\"@type\":\"ListItem\",\"position\":2,\"name\":\"Shop\",\"item\":\"https:\\\/\\\/www.bacher-weine.de\\\/shop\\\/\"},{\"@type\":\"ListItem\",\"position\":3,\"name\":\"StrandPauli Cuv\u00e9e Ros\u00e9\"}]},{\"@type\":\"WebSite\",\"@id\":\"https:\\\/\\\/www.bacher-weine.de\\\/en\\\/#website\",\"url\":\"https:\\\/\\\/www.bacher-weine.de\\\/en\\\/\",\"name\":\"Bacher Weine\",\"description\":\"\",\"publisher\":{\"@id\":\"https:\\\/\\\/www.bacher-weine.de\\\/en\\\/#organization\"},\"potentialAction\":[{\"@type\":\"SearchAction\",\"target\":{\"@type\":\"EntryPoint\",\"urlTemplate\":\"https:\\\/\\\/www.bacher-weine.de\\\/en\\\/?s={search_term_string}\"},\"query-input\":{\"@type\":\"PropertyValueSpecification\",\"valueRequired\":true,\"valueName\":\"search_term_string\"}}],\"inLanguage\":\"en-US\"},{\"@type\":\"Organization\",\"@id\":\"https:\\\/\\\/www.bacher-weine.de\\\/en\\\/#organization\",\"name\":\"Bacher Weine\",\"url\":\"https:\\\/\\\/www.bacher-weine.de\\\/en\\\/\",\"logo\":{\"@type\":\"ImageObject\",\"inLanguage\":\"en-US\",\"@id\":\"https:\\\/\\\/www.bacher-weine.de\\\/en\\\/#\\\/schema\\\/logo\\\/image\\\/\",\"url\":\"https:\\\/\\\/www.bacher-weine.de\\\/wp-content\\\/uploads\\\/2023\\\/05\\\/logo.svg\",\"contentUrl\":\"https:\\\/\\\/www.bacher-weine.de\\\/wp-content\\\/uploads\\\/2023\\\/05\\\/logo.svg\",\"caption\":\"Bacher Weine\"},\"image\":{\"@id\":\"https:\\\/\\\/www.bacher-weine.de\\\/en\\\/#\\\/schema\\\/logo\\\/image\\\/\"}}]}<\/script>\n<!-- \/ Yoast SEO plugin. -->","yoast_head_json":{"title":"StrandPauli Cuv\u00e9e Ros\u00e9 - Bacher Weine","robots":{"index":"index","follow":"follow","max-snippet":"max-snippet:-1","max-image-preview":"max-image-preview:large","max-video-preview":"max-video-preview:-1"},"canonical":"https:\/\/www.bacher-weine.de\/en\/product\/strand-pauli-cuvee-rose\/","og_locale":"en_US","og_type":"article","og_title":"StrandPauli Cuv\u00e9e Ros\u00e9 - Bacher Weine","og_description":"Herkunft:\u00a0Deutschland, Rheinhessen Lage:\u00a0Herrnsheimer Schloss Ausbau:\u00a0Edelstahltank Weinbeschreibung:\u00a0Ros\u00e9 Cuv\u00e9e aus den Rebsorten: Sp\u00e4tburgunder (70%) Cabernet Sauvignon (30 %). Ein frischer, fruchtbetonter Ros\u00e9, der mit seiner Finesse rundum \u00fcberzeugt. Es erwartet Sie rote Johannesbeeren, Erdbeeren, Himbeeren, Pflaumen dominieren in der Nase. Das Ganze mit einer dezenten W\u00fcrze. Analysedaten: Restzucker: 6,5 g\/l S\u00e4ure: 6,1 g\/l Alkohol: 12,0% vol. Trinktemperatur: [&hellip;]","og_url":"https:\/\/www.bacher-weine.de\/en\/product\/strand-pauli-cuvee-rose\/","og_site_name":"Bacher Weine","twitter_card":"summary_large_image","schema":{"@context":"https:\/\/schema.org","@graph":[{"@type":"WebPage","@id":"https:\/\/www.bacher-weine.de\/en\/product\/strand-pauli-cuvee-rose\/","url":"https:\/\/www.bacher-weine.de\/en\/product\/strand-pauli-cuvee-rose\/","name":"StrandPauli Cuv\u00e9e Ros\u00e9 - Bacher Weine","isPartOf":{"@id":"https:\/\/www.bacher-weine.de\/en\/#website"},"primaryImageOfPage":{"@id":"https:\/\/www.bacher-weine.de\/en\/product\/strand-pauli-cuvee-rose\/#primaryimage"},"image":{"@id":"https:\/\/www.bacher-weine.de\/en\/product\/strand-pauli-cuvee-rose\/#primaryimage"},"thumbnailUrl":"https:\/\/www.bacher-weine.de\/wp-content\/uploads\/2023\/05\/Strand-Pauli-Cuvee-Rose-1.png","datePublished":"2023-05-30T14:10:14+00:00","breadcrumb":{"@id":"https:\/\/www.bacher-weine.de\/en\/product\/strand-pauli-cuvee-rose\/#breadcrumb"},"inLanguage":"en-US","potentialAction":[{"@type":"ReadAction","target":["https:\/\/www.bacher-weine.de\/en\/product\/strand-pauli-cuvee-rose\/"]}]},{"@type":"ImageObject","inLanguage":"en-US","@id":"https:\/\/www.bacher-weine.de\/en\/product\/strand-pauli-cuvee-rose\/#primaryimage","url":"https:\/\/www.bacher-weine.de\/wp-content\/uploads\/2023\/05\/Strand-Pauli-Cuvee-Rose-1.png","contentUrl":"https:\/\/www.bacher-weine.de\/wp-content\/uploads\/2023\/05\/Strand-Pauli-Cuvee-Rose-1.png","width":1331,"height":2000},{"@type":"BreadcrumbList","@id":"https:\/\/www.bacher-weine.de\/en\/product\/strand-pauli-cuvee-rose\/#breadcrumb","itemListElement":[{"@type":"ListItem","position":1,"name":"Home","item":"https:\/\/www.bacher-weine.de\/en\/"},{"@type":"ListItem","position":2,"name":"Shop","item":"https:\/\/www.bacher-weine.de\/shop\/"},{"@type":"ListItem","position":3,"name":"StrandPauli Cuv\u00e9e Ros\u00e9"}]},{"@type":"WebSite","@id":"https:\/\/www.bacher-weine.de\/en\/#website","url":"https:\/\/www.bacher-weine.de\/en\/","name":"Bacher Weine","description":"","publisher":{"@id":"https:\/\/www.bacher-weine.de\/en\/#organization"},"potentialAction":[{"@type":"SearchAction","target":{"@type":"EntryPoint","urlTemplate":"https:\/\/www.bacher-weine.de\/en\/?s={search_term_string}"},"query-input":{"@type":"PropertyValueSpecification","valueRequired":true,"valueName":"search_term_string"}}],"inLanguage":"en-US"},{"@type":"Organization","@id":"https:\/\/www.bacher-weine.de\/en\/#organization","name":"Bacher Weine","url":"https:\/\/www.bacher-weine.de\/en\/","logo":{"@type":"ImageObject","inLanguage":"en-US","@id":"https:\/\/www.bacher-weine.de\/en\/#\/schema\/logo\/image\/","url":"https:\/\/www.bacher-weine.de\/wp-content\/uploads\/2023\/05\/logo.svg","contentUrl":"https:\/\/www.bacher-weine.de\/wp-content\/uploads\/2023\/05\/logo.svg","caption":"Bacher Weine"},"image":{"@id":"https:\/\/www.bacher-weine.de\/en\/#\/schema\/logo\/image\/"}}]}},"_links":{"self":[{"href":"https:\/\/www.bacher-weine.de\/en\/wp-json\/wp\/v2\/product\/1025","targetHints":{"allow":["GET"]}}],"collection":[{"href":"https:\/\/www.bacher-weine.de\/en\/wp-json\/wp\/v2\/product"}],"about":[{"href":"https:\/\/www.bacher-weine.de\/en\/wp-json\/wp\/v2\/types\/product"}],"wp:featuredmedia":[{"embeddable":true,"href":"https:\/\/www.bacher-weine.de\/en\/wp-json\/wp\/v2\/media\/313"}],"wp:attachment":[{"href":"https:\/\/www.bacher-weine.de\/en\/wp-json\/wp\/v2\/media?parent=1025"}],"wp:term":[{"taxonomy":"product_brand","embeddable":true,"href":"https:\/\/www.bacher-weine.de\/en\/wp-json\/wp\/v2\/product_brand?post=1025"},{"taxonomy":"product_cat","embeddable":true,"href":"https:\/\/www.bacher-weine.de\/en\/wp-json\/wp\/v2\/product_cat?post=1025"},{"taxonomy":"product_tag","embeddable":true,"href":"https:\/\/www.bacher-weine.de\/en\/wp-json\/wp\/v2\/product_tag?post=1025"}],"curies":[{"name":"wp","href":"https:\/\/api.w.org\/{rel}","templated":true}]}}