{"id":1004,"date":"2023-05-29T22:22:32","date_gmt":"2023-05-29T22:22:32","guid":{"rendered":"https:\/\/www.bacher-weine.de\/product\/gutschein\/"},"modified":"2023-07-19T21:30:26","modified_gmt":"2023-07-19T21:30:26","slug":"gutschein","status":"publish","type":"product","link":"https:\/\/www.bacher-weine.de\/en\/product\/gutschein\/","title":{"rendered":"Gutschein"},"content":{"rendered":"<p>Entdecke das perfekte Geschenk f\u00fcr Weinliebhaber &#8211; die Geschenkkarte f\u00fcr Bacher Weine! Erkunde eine gro\u00dfe Auswahl an Premium-Weinen aus Deutschlands gr\u00f6\u00dftem Weinbaugebiet Rheinhessen.<\/p>\n<p>Der Wert des Gutscheins kann zwischen 10 \u20ac &#8211; 500 \u20ac frei gew\u00e4hlt werden.<\/p>\n","protected":false},"excerpt":{"rendered":"<p>Entdecke das perfekte Geschenk f\u00fcr Weinliebhaber &#8211; die Geschenkkarte f\u00fcr Bacher Weine! Erkunde eine gro\u00dfe Auswahl an Premium-Weinen aus Deutschlands gr\u00f6\u00dftem Weinbaugebiet Rheinhessen. Der Wert des Gutscheins kann zwischen 10 \u20ac &#8211; 500 \u20ac frei gew\u00e4hlt werden.<\/p>\n","protected":false},"featured_media":733,"template":"","meta":{"_acf_changed":false},"product_brand":[],"product_cat":[91,89,93,95,97],"product_tag":[],"class_list":{"0":"post-1004","1":"product","2":"type-product","3":"status-publish","4":"has-post-thumbnail","6":"product_cat-bubbly-water","7":"product_cat-hsb-en","8":"product_cat-red-wine","9":"product_cat-rose-weines","10":"product_cat-white-wines","12":"first","13":"outofstock","14":"taxable","15":"shipping-taxable","16":"purchasable","17":"product-type-variable"},"acf":[],"yoast_head":"<!-- This site is optimized with the Yoast SEO plugin v27.4 - https:\/\/yoast.com\/product\/yoast-seo-wordpress\/ -->\n<title>Bacher Weine Gutschein<\/title>\n<meta name=\"description\" content=\"Entdecke das perfekte Geschenk f\u00fcr Weinliebhaber - die Geschenkkarte f\u00fcr Bacher Weine! Erkunde eine gro\u00dfe Auswahl an Premium-Weinen aus Rheinhessen.\" \/>\n<meta name=\"robots\" content=\"index, follow, max-snippet:-1, max-image-preview:large, max-video-preview:-1\" \/>\n<link rel=\"canonical\" href=\"https:\/\/www.bacher-weine.de\/en\/product\/gutschein\/\" \/>\n<meta property=\"og:locale\" content=\"en_US\" \/>\n<meta property=\"og:type\" content=\"article\" \/>\n<meta property=\"og:title\" content=\"Bacher Weine Gutschein\" \/>\n<meta property=\"og:description\" content=\"Entdecke das perfekte Geschenk f\u00fcr Weinliebhaber - die Geschenkkarte f\u00fcr Bacher Weine! Erkunde eine gro\u00dfe Auswahl an Premium-Weinen aus Rheinhessen.\" \/>\n<meta property=\"og:url\" content=\"https:\/\/www.bacher-weine.de\/en\/product\/gutschein\/\" \/>\n<meta property=\"og:site_name\" content=\"Bacher Weine\" \/>\n<meta property=\"article:modified_time\" content=\"2023-07-19T21:30:26+00:00\" \/>\n<meta property=\"og:image\" content=\"https:\/\/www.bacher-weine.de\/wp-content\/uploads\/2023\/05\/image-2.png\" \/>\n\t<meta property=\"og:image:width\" content=\"1340\" \/>\n\t<meta property=\"og:image:height\" content=\"2000\" \/>\n\t<meta property=\"og:image:type\" content=\"image\/png\" \/>\n<meta name=\"twitter:card\" content=\"summary_large_image\" \/>\n<meta name=\"twitter:label1\" content=\"Est. reading time\" \/>\n\t<meta name=\"twitter:data1\" content=\"1 minute\" \/>\n<script type=\"application\/ld+json\" class=\"yoast-schema-graph\">{\"@context\":\"https:\\\/\\\/schema.org\",\"@graph\":[{\"@type\":\"WebPage\",\"@id\":\"https:\\\/\\\/www.bacher-weine.de\\\/en\\\/product\\\/gutschein\\\/\",\"url\":\"https:\\\/\\\/www.bacher-weine.de\\\/en\\\/product\\\/gutschein\\\/\",\"name\":\"Bacher Weine Gutschein\",\"isPartOf\":{\"@id\":\"https:\\\/\\\/www.bacher-weine.de\\\/en\\\/#website\"},\"primaryImageOfPage\":{\"@id\":\"https:\\\/\\\/www.bacher-weine.de\\\/en\\\/product\\\/gutschein\\\/#primaryimage\"},\"image\":{\"@id\":\"https:\\\/\\\/www.bacher-weine.de\\\/en\\\/product\\\/gutschein\\\/#primaryimage\"},\"thumbnailUrl\":\"https:\\\/\\\/www.bacher-weine.de\\\/wp-content\\\/uploads\\\/2023\\\/05\\\/image-2.png\",\"datePublished\":\"2023-05-29T22:22:32+00:00\",\"dateModified\":\"2023-07-19T21:30:26+00:00\",\"description\":\"Entdecke das perfekte Geschenk f\u00fcr Weinliebhaber - die Geschenkkarte f\u00fcr Bacher Weine! Erkunde eine gro\u00dfe Auswahl an Premium-Weinen aus Rheinhessen.\",\"breadcrumb\":{\"@id\":\"https:\\\/\\\/www.bacher-weine.de\\\/en\\\/product\\\/gutschein\\\/#breadcrumb\"},\"inLanguage\":\"en-US\",\"potentialAction\":[{\"@type\":\"ReadAction\",\"target\":[\"https:\\\/\\\/www.bacher-weine.de\\\/en\\\/product\\\/gutschein\\\/\"]}]},{\"@type\":\"ImageObject\",\"inLanguage\":\"en-US\",\"@id\":\"https:\\\/\\\/www.bacher-weine.de\\\/en\\\/product\\\/gutschein\\\/#primaryimage\",\"url\":\"https:\\\/\\\/www.bacher-weine.de\\\/wp-content\\\/uploads\\\/2023\\\/05\\\/image-2.png\",\"contentUrl\":\"https:\\\/\\\/www.bacher-weine.de\\\/wp-content\\\/uploads\\\/2023\\\/05\\\/image-2.png\",\"width\":1340,\"height\":2000},{\"@type\":\"BreadcrumbList\",\"@id\":\"https:\\\/\\\/www.bacher-weine.de\\\/en\\\/product\\\/gutschein\\\/#breadcrumb\",\"itemListElement\":[{\"@type\":\"ListItem\",\"position\":1,\"name\":\"Home\",\"item\":\"https:\\\/\\\/www.bacher-weine.de\\\/en\\\/\"},{\"@type\":\"ListItem\",\"position\":2,\"name\":\"Shop\",\"item\":\"https:\\\/\\\/www.bacher-weine.de\\\/shop\\\/\"},{\"@type\":\"ListItem\",\"position\":3,\"name\":\"Gutschein\"}]},{\"@type\":\"WebSite\",\"@id\":\"https:\\\/\\\/www.bacher-weine.de\\\/en\\\/#website\",\"url\":\"https:\\\/\\\/www.bacher-weine.de\\\/en\\\/\",\"name\":\"Bacher Weine\",\"description\":\"\",\"publisher\":{\"@id\":\"https:\\\/\\\/www.bacher-weine.de\\\/en\\\/#organization\"},\"potentialAction\":[{\"@type\":\"SearchAction\",\"target\":{\"@type\":\"EntryPoint\",\"urlTemplate\":\"https:\\\/\\\/www.bacher-weine.de\\\/en\\\/?s={search_term_string}\"},\"query-input\":{\"@type\":\"PropertyValueSpecification\",\"valueRequired\":true,\"valueName\":\"search_term_string\"}}],\"inLanguage\":\"en-US\"},{\"@type\":\"Organization\",\"@id\":\"https:\\\/\\\/www.bacher-weine.de\\\/en\\\/#organization\",\"name\":\"Bacher Weine\",\"url\":\"https:\\\/\\\/www.bacher-weine.de\\\/en\\\/\",\"logo\":{\"@type\":\"ImageObject\",\"inLanguage\":\"en-US\",\"@id\":\"https:\\\/\\\/www.bacher-weine.de\\\/en\\\/#\\\/schema\\\/logo\\\/image\\\/\",\"url\":\"https:\\\/\\\/www.bacher-weine.de\\\/wp-content\\\/uploads\\\/2023\\\/05\\\/logo.svg\",\"contentUrl\":\"https:\\\/\\\/www.bacher-weine.de\\\/wp-content\\\/uploads\\\/2023\\\/05\\\/logo.svg\",\"caption\":\"Bacher Weine\"},\"image\":{\"@id\":\"https:\\\/\\\/www.bacher-weine.de\\\/en\\\/#\\\/schema\\\/logo\\\/image\\\/\"}}]}<\/script>\n<!-- \/ Yoast SEO plugin. -->","yoast_head_json":{"title":"Bacher Weine Gutschein","description":"Entdecke das perfekte Geschenk f\u00fcr Weinliebhaber - die Geschenkkarte f\u00fcr Bacher Weine! Erkunde eine gro\u00dfe Auswahl an Premium-Weinen aus Rheinhessen.","robots":{"index":"index","follow":"follow","max-snippet":"max-snippet:-1","max-image-preview":"max-image-preview:large","max-video-preview":"max-video-preview:-1"},"canonical":"https:\/\/www.bacher-weine.de\/en\/product\/gutschein\/","og_locale":"en_US","og_type":"article","og_title":"Bacher Weine Gutschein","og_description":"Entdecke das perfekte Geschenk f\u00fcr Weinliebhaber - die Geschenkkarte f\u00fcr Bacher Weine! Erkunde eine gro\u00dfe Auswahl an Premium-Weinen aus Rheinhessen.","og_url":"https:\/\/www.bacher-weine.de\/en\/product\/gutschein\/","og_site_name":"Bacher Weine","article_modified_time":"2023-07-19T21:30:26+00:00","og_image":[{"width":1340,"height":2000,"url":"https:\/\/www.bacher-weine.de\/wp-content\/uploads\/2023\/05\/image-2.png","type":"image\/png"}],"twitter_card":"summary_large_image","twitter_misc":{"Est. reading time":"1 minute"},"schema":{"@context":"https:\/\/schema.org","@graph":[{"@type":"WebPage","@id":"https:\/\/www.bacher-weine.de\/en\/product\/gutschein\/","url":"https:\/\/www.bacher-weine.de\/en\/product\/gutschein\/","name":"Bacher Weine Gutschein","isPartOf":{"@id":"https:\/\/www.bacher-weine.de\/en\/#website"},"primaryImageOfPage":{"@id":"https:\/\/www.bacher-weine.de\/en\/product\/gutschein\/#primaryimage"},"image":{"@id":"https:\/\/www.bacher-weine.de\/en\/product\/gutschein\/#primaryimage"},"thumbnailUrl":"https:\/\/www.bacher-weine.de\/wp-content\/uploads\/2023\/05\/image-2.png","datePublished":"2023-05-29T22:22:32+00:00","dateModified":"2023-07-19T21:30:26+00:00","description":"Entdecke das perfekte Geschenk f\u00fcr Weinliebhaber - die Geschenkkarte f\u00fcr Bacher Weine! Erkunde eine gro\u00dfe Auswahl an Premium-Weinen aus Rheinhessen.","breadcrumb":{"@id":"https:\/\/www.bacher-weine.de\/en\/product\/gutschein\/#breadcrumb"},"inLanguage":"en-US","potentialAction":[{"@type":"ReadAction","target":["https:\/\/www.bacher-weine.de\/en\/product\/gutschein\/"]}]},{"@type":"ImageObject","inLanguage":"en-US","@id":"https:\/\/www.bacher-weine.de\/en\/product\/gutschein\/#primaryimage","url":"https:\/\/www.bacher-weine.de\/wp-content\/uploads\/2023\/05\/image-2.png","contentUrl":"https:\/\/www.bacher-weine.de\/wp-content\/uploads\/2023\/05\/image-2.png","width":1340,"height":2000},{"@type":"BreadcrumbList","@id":"https:\/\/www.bacher-weine.de\/en\/product\/gutschein\/#breadcrumb","itemListElement":[{"@type":"ListItem","position":1,"name":"Home","item":"https:\/\/www.bacher-weine.de\/en\/"},{"@type":"ListItem","position":2,"name":"Shop","item":"https:\/\/www.bacher-weine.de\/shop\/"},{"@type":"ListItem","position":3,"name":"Gutschein"}]},{"@type":"WebSite","@id":"https:\/\/www.bacher-weine.de\/en\/#website","url":"https:\/\/www.bacher-weine.de\/en\/","name":"Bacher Weine","description":"","publisher":{"@id":"https:\/\/www.bacher-weine.de\/en\/#organization"},"potentialAction":[{"@type":"SearchAction","target":{"@type":"EntryPoint","urlTemplate":"https:\/\/www.bacher-weine.de\/en\/?s={search_term_string}"},"query-input":{"@type":"PropertyValueSpecification","valueRequired":true,"valueName":"search_term_string"}}],"inLanguage":"en-US"},{"@type":"Organization","@id":"https:\/\/www.bacher-weine.de\/en\/#organization","name":"Bacher Weine","url":"https:\/\/www.bacher-weine.de\/en\/","logo":{"@type":"ImageObject","inLanguage":"en-US","@id":"https:\/\/www.bacher-weine.de\/en\/#\/schema\/logo\/image\/","url":"https:\/\/www.bacher-weine.de\/wp-content\/uploads\/2023\/05\/logo.svg","contentUrl":"https:\/\/www.bacher-weine.de\/wp-content\/uploads\/2023\/05\/logo.svg","caption":"Bacher Weine"},"image":{"@id":"https:\/\/www.bacher-weine.de\/en\/#\/schema\/logo\/image\/"}}]}},"_links":{"self":[{"href":"https:\/\/www.bacher-weine.de\/en\/wp-json\/wp\/v2\/product\/1004","targetHints":{"allow":["GET"]}}],"collection":[{"href":"https:\/\/www.bacher-weine.de\/en\/wp-json\/wp\/v2\/product"}],"about":[{"href":"https:\/\/www.bacher-weine.de\/en\/wp-json\/wp\/v2\/types\/product"}],"wp:featuredmedia":[{"embeddable":true,"href":"https:\/\/www.bacher-weine.de\/en\/wp-json\/wp\/v2\/media\/733"}],"wp:attachment":[{"href":"https:\/\/www.bacher-weine.de\/en\/wp-json\/wp\/v2\/media?parent=1004"}],"wp:term":[{"taxonomy":"product_brand","embeddable":true,"href":"https:\/\/www.bacher-weine.de\/en\/wp-json\/wp\/v2\/product_brand?post=1004"},{"taxonomy":"product_cat","embeddable":true,"href":"https:\/\/www.bacher-weine.de\/en\/wp-json\/wp\/v2\/product_cat?post=1004"},{"taxonomy":"product_tag","embeddable":true,"href":"https:\/\/www.bacher-weine.de\/en\/wp-json\/wp\/v2\/product_tag?post=1004"}],"curies":[{"name":"wp","href":"https:\/\/api.w.org\/{rel}","templated":true}]}}